{"id":1575,"date":"2025-01-30T08:36:08","date_gmt":"2025-01-30T11:36:08","guid":{"rendered":"https:\/\/foto.art.br\/site\/?page_id=1575"},"modified":"2025-01-30T08:59:38","modified_gmt":"2025-01-30T11:59:38","slug":"scanner-camera","status":"publish","type":"page","link":"https:\/\/foto.art.br\/site\/scanner-camera\/","title":{"rendered":"scanner c\u00e2mera"},"content":{"rendered":"\n<figure class=\"wp-block-image size-large\"><img loading=\"lazy\" decoding=\"async\" width=\"1024\" height=\"577\" src=\"https:\/\/foto.art.br\/site\/wp-content\/uploads\/2025\/01\/20250118_074942-1024x577.jpg\" alt=\"\" class=\"wp-image-1546\" srcset=\"https:\/\/foto.art.br\/site\/wp-content\/uploads\/2025\/01\/20250118_074942-1024x577.jpg 1024w, https:\/\/foto.art.br\/site\/wp-content\/uploads\/2025\/01\/20250118_074942-300x169.jpg 300w, https:\/\/foto.art.br\/site\/wp-content\/uploads\/2025\/01\/20250118_074942-768x432.jpg 768w, https:\/\/foto.art.br\/site\/wp-content\/uploads\/2025\/01\/20250118_074942-1536x865.jpg 1536w, https:\/\/foto.art.br\/site\/wp-content\/uploads\/2025\/01\/20250118_074942-2048x1153.jpg 2048w\" sizes=\"auto, (max-width: 1024px) 100vw, 1024px\" \/><figcaption class=\"wp-element-caption\">montagem r\u00e1pida de teste<\/figcaption><\/figure>\n\n\n\n<p>O esquema \u00e9 simples, uma c\u00e2mera obscura com lupa focalizando o assunto no plano do scanner; ideal um ambiente iluminado, ou iluminar o motivo fotografado.<\/p>\n\n\n<style type=\"text\/css\" scoped>.rbs_gallery_69ef3fa6d2f62Spinner{\r\n\t\t\t\tmargin: 50px auto;\r\n\t\t\t\twidth: 50px;\r\n\t\t\t\theight: 40px;\r\n\t\t\t\ttext-align: center;\r\n\t\t\t\tfont-size: 10px;\r\n\t\t\t}\r\n\t\t\t.rbs_gallery_69ef3fa6d2f62Spinner > div{\r\n\t\t\t  background-color: #333;\r\n\t\t\t  height: 100%;\r\n\t\t\t  width: 6px;\r\n\t\t\t  display: inline-block;\r\n\t\t\t  -webkit-animation: rbs_gallery_69ef3fa6d2f62-stretchdelay 1.2s infinite ease-in-out;\r\n\t\t\t  animation: rbs_gallery_69ef3fa6d2f62-stretchdelay 1.2s infinite ease-in-out;\r\n\t\t\t}\r\n\t\t\t.rbs_gallery_69ef3fa6d2f62Spinner .rbs_gallery_69ef3fa6d2f62Rect2 {\r\n\t\t\t  -webkit-animation-delay: -1.1s;\r\n\t\t\t  animation-delay: -1.1s;\r\n\t\t\t}\r\n\t\t\t.rbs_gallery_69ef3fa6d2f62Spinner .rbs_gallery_69ef3fa6d2f62Rect3 {\r\n\t\t\t  -webkit-animation-delay: -1.0s;\r\n\t\t\t  animation-delay: -1.0s;\r\n\t\t\t}\r\n\t\t\t.rbs_gallery_69ef3fa6d2f62Spinner .rbs_gallery_69ef3fa6d2f62Rect4 {\r\n\t\t\t  -webkit-animation-delay: -0.9s;\r\n\t\t\t  animation-delay: -0.9s;\r\n\t\t\t}\r\n\t\t\t.rbs_gallery_69ef3fa6d2f62Spinner .rbs_gallery_69ef3fa6d2f62Rect5 {\r\n\t\t\t  -webkit-animation-delay: -0.8s;\r\n\t\t\t  animation-delay: -0.8s;\r\n\t\t\t}\r\n\t\t\t@-webkit-keyframes rbs_gallery_69ef3fa6d2f62-stretchdelay {\r\n\t\t\t  0%, 40%, 100% { -webkit-transform: scaleY(0.4) }  \r\n\t\t\t  20% { -webkit-transform: scaleY(1.0) }\r\n\t\t\t}\r\n\t\t\t@keyframes rbs_gallery_69ef3fa6d2f62-stretchdelay {\r\n\t\t\t  0%, 40%, 100% { \r\n\t\t\t    transform: scaleY(0.4);\r\n\t\t\t    -webkit-transform: scaleY(0.4);\r\n\t\t\t  }  20% { \r\n\t\t\t    transform: scaleY(1.0);\r\n\t\t\t    -webkit-transform: scaleY(1.0);\r\n\t\t\t  }\r\n\t\t\t}\r\n\t\t<\/style><div class=\"robo-gallery-wrap robo-gallery-wrap-id1579 robo-gallery-grid\" ><div id=\"rbs_gallery_69ef3fa6d2f62-block-loader\" class=\"rbs_gallery_69ef3fa6d2f62Spinner\"><div class=\"rbs_gallery_69ef3fa6d2f62Rect1\"><\/div> <div class=\"rbs_gallery_69ef3fa6d2f62Rect2\"><\/div> <div class=\"rbs_gallery_69ef3fa6d2f62Rect3\"><\/div> <div class=\"rbs_gallery_69ef3fa6d2f62Rect4\"><\/div> <div class=\"rbs_gallery_69ef3fa6d2f62Rect5\"><\/div><\/div><div id=\"robo_gallery_main_block_rbs_gallery_69ef3fa6d2f62\" class=\"robogallery-gallery-1579\" style=\"width:100%;  display: none;\"><div id=\"rbs_gallery_69ef3fa6d2f62\" data-options=\"rbs_gallery_69ef3fa6d2f62\" style=\"width:100%;\" class=\"robo_gallery  \"><div class=\"rbs-img  category1579 \" ><div class=\"rbs-img-image   rbs-lightbox \" ><div class=\"rbs-img-thumbs\"  data-thumbnail=\"https:\/\/foto.art.br\/site\/wp-content\/uploads\/2025\/01\/20250118_074921-300x169.jpg\"  title=\"\"  data-width=\"300\"  data-height=\"169\" ><\/div><div class=\"rbs-img-data-popup\"  data-popup=\"https:\/\/foto.art.br\/site\/wp-content\/uploads\/2025\/01\/20250118_074921-scaled.jpg\"  title=\"Multifuncional HP antiga, impressora quebrada, scanner funciona,  localizado os drivers, usando softwares de visualiza\u00e7\u00e3o, como o Faststone, gratuito. Para facilitar a tampa foi desencaixada \" ><\/div><div class=\"thumbnail-overlay\"><div class=\"rbsTitle \"><\/div><div class=\"rbsIcons\"><i class=\"fa fa-search-plus rbsZoomIcon \" ><\/i><\/div><\/div><\/div><\/div><div class=\"rbs-img  category1579 \" ><div class=\"rbs-img-image   rbs-lightbox \" ><div class=\"rbs-img-thumbs\"  data-thumbnail=\"https:\/\/foto.art.br\/site\/wp-content\/uploads\/2025\/01\/20250118_074942-300x169.jpg\"  title=\"20250118_074942.jpg\"  data-width=\"300\"  data-height=\"169\" ><\/div><div class=\"rbs-img-data-popup\"  data-popup=\"https:\/\/foto.art.br\/site\/wp-content\/uploads\/2025\/01\/20250118_074942-scaled.jpg\"  title=\"Um pano preto colocado no encontro da c\u00e2mera com o scanner para tapar vazamento de luz, embaixo da c\u00e2mera uns cal\u00e7os para compensar a altura \" ><\/div><div class=\"thumbnail-overlay\"><div class=\"rbsTitle \">20250118_074942.jpg<\/div><div class=\"rbsIcons\"><i class=\"fa fa-search-plus rbsZoomIcon \" ><\/i><\/div><\/div><\/div><\/div><div class=\"rbs-img  category1579 \" ><div class=\"rbs-img-image   rbs-lightbox \" ><div class=\"rbs-img-thumbs\"  data-thumbnail=\"https:\/\/foto.art.br\/site\/wp-content\/uploads\/2025\/01\/20250118_0750312657129905871119398-169x300.jpg\"  title=\"20250118_0750312657129905871119398.jpg\"  data-width=\"169\"  data-height=\"300\" ><\/div><div class=\"rbs-img-data-popup\"  data-popup=\"https:\/\/foto.art.br\/site\/wp-content\/uploads\/2025\/01\/20250118_0750312657129905871119398-scaled.jpg\"  title=\"A folha para focalizar\" ><\/div><div class=\"thumbnail-overlay\"><div class=\"rbsTitle \">20250118_0750312657129905871119398.jpg<\/div><div class=\"rbsIcons\"><i class=\"fa fa-search-plus rbsZoomIcon \" ><\/i><\/div><\/div><\/div><\/div><div class=\"rbs-img  category1579 \" ><div class=\"rbs-img-image   rbs-lightbox \" ><div class=\"rbs-img-thumbs\"  data-thumbnail=\"https:\/\/foto.art.br\/site\/wp-content\/uploads\/2025\/01\/20250118_074931-300x169.jpg\"  title=\"20250118_074931.jpg\"  data-width=\"300\"  data-height=\"169\" ><\/div><div class=\"rbs-img-data-popup\"  data-popup=\"https:\/\/foto.art.br\/site\/wp-content\/uploads\/2025\/01\/20250118_074931-scaled.jpg\"  title=\"Com o diafragma colocado\"  data-alt=\"Um furo ao lado da lente \u00e9 usado para visualizar a mesa do scanner, onde se coloca um papel branco para focar a imagem (depois retirado)\" ><\/div><div class=\"thumbnail-overlay\"><div class=\"rbsTitle \">20250118_074931.jpg<\/div><div class=\"rbsIcons\"><i class=\"fa fa-search-plus rbsZoomIcon \" ><\/i><\/div><\/div><\/div><\/div><div class=\"rbs-img  category1579 \" ><div class=\"rbs-img-image   rbs-lightbox \" ><div class=\"rbs-img-thumbs\"  data-thumbnail=\"https:\/\/foto.art.br\/site\/wp-content\/uploads\/2025\/01\/20250118_074957-300x169.jpg\"  title=\"20250118_074957.jpg\"  data-width=\"300\"  data-height=\"169\" ><\/div><div class=\"rbs-img-data-popup\"  data-popup=\"https:\/\/foto.art.br\/site\/wp-content\/uploads\/2025\/01\/20250118_074957-scaled.jpg\"  title=\"\" ><\/div><div class=\"thumbnail-overlay\"><div class=\"rbsTitle \">20250118_074957.jpg<\/div><div class=\"rbsIcons\"><i class=\"fa fa-search-plus rbsZoomIcon \" ><\/i><\/div><\/div><\/div><\/div><div class=\"rbs-img  category1579 \" ><div class=\"rbs-img-image   rbs-lightbox \" ><div class=\"rbs-img-thumbs\"  data-thumbnail=\"https:\/\/foto.art.br\/site\/wp-content\/uploads\/2025\/01\/20250118_074951-300x169.jpg\"  title=\"20250118_074951.jpg\"  data-width=\"300\"  data-height=\"169\" ><\/div><div class=\"rbs-img-data-popup\"  data-popup=\"https:\/\/foto.art.br\/site\/wp-content\/uploads\/2025\/01\/20250118_074951-scaled.jpg\"  title=\"A lente toda aberta passa nais luz, d\u00e1 um foco restrito \u00e0 \u00e1rea central e pouca profundidade de foco\" ><\/div><div class=\"thumbnail-overlay\"><div class=\"rbsTitle \">20250118_074951.jpg<\/div><div class=\"rbsIcons\"><i class=\"fa fa-search-plus rbsZoomIcon \" ><\/i><\/div><\/div><\/div><\/div><div class=\"rbs-img  category1579 \" ><div class=\"rbs-img-image   rbs-lightbox \" ><div class=\"rbs-img-thumbs\"  data-thumbnail=\"https:\/\/foto.art.br\/site\/wp-content\/uploads\/2025\/01\/ScanImage022-232x300.jpg\"  title=\"ScanImage022.jpg\"  data-width=\"232\"  data-height=\"300\" ><\/div><div class=\"rbs-img-data-popup\"  data-popup=\"https:\/\/foto.art.br\/site\/wp-content\/uploads\/2025\/01\/ScanImage022.jpg\"  title=\"\" ><\/div><div class=\"thumbnail-overlay\"><div class=\"rbsTitle \">ScanImage022.jpg<\/div><div class=\"rbsIcons\"><i class=\"fa fa-search-plus rbsZoomIcon \" ><\/i><\/div><\/div><\/div><\/div><div class=\"rbs-img  category1579 \" ><div class=\"rbs-img-image   rbs-lightbox \" ><div class=\"rbs-img-thumbs\"  data-thumbnail=\"https:\/\/foto.art.br\/site\/wp-content\/uploads\/2025\/01\/ScanImage024-247x300.jpg\"  title=\"ScanImage024.jpg\"  data-width=\"247\"  data-height=\"300\" ><\/div><div class=\"rbs-img-data-popup\"  data-popup=\"https:\/\/foto.art.br\/site\/wp-content\/uploads\/2025\/01\/ScanImage024.jpg\"  title=\"\" ><\/div><div class=\"thumbnail-overlay\"><div class=\"rbsTitle \">ScanImage024.jpg<\/div><div class=\"rbsIcons\"><i class=\"fa fa-search-plus rbsZoomIcon \" ><\/i><\/div><\/div><\/div><\/div><div class=\"rbs-img  category1579 \" ><div class=\"rbs-img-image   rbs-lightbox \" ><div class=\"rbs-img-thumbs\"  data-thumbnail=\"https:\/\/foto.art.br\/site\/wp-content\/uploads\/2025\/01\/ScanImage017-249x300.jpg\"  title=\"ScanImage017.jpg\"  data-width=\"249\"  data-height=\"300\" ><\/div><div class=\"rbs-img-data-popup\"  data-popup=\"https:\/\/foto.art.br\/site\/wp-content\/uploads\/2025\/01\/ScanImage017.jpg\"  title=\"\" ><\/div><div class=\"thumbnail-overlay\"><div class=\"rbsTitle \">ScanImage017.jpg<\/div><div class=\"rbsIcons\"><i class=\"fa fa-search-plus rbsZoomIcon \" ><\/i><\/div><\/div><\/div><\/div><div class=\"rbs-img  category1579 \" ><div class=\"rbs-img-image   rbs-lightbox \" ><div class=\"rbs-img-thumbs\"  data-thumbnail=\"https:\/\/foto.art.br\/site\/wp-content\/uploads\/2025\/01\/ScanImage021-268x300.jpg\"  title=\"ScanImage021.jpg\"  data-width=\"268\"  data-height=\"300\" ><\/div><div class=\"rbs-img-data-popup\"  data-popup=\"https:\/\/foto.art.br\/site\/wp-content\/uploads\/2025\/01\/ScanImage021.jpg\"  title=\"\" ><\/div><div class=\"thumbnail-overlay\"><div class=\"rbsTitle \">ScanImage021.jpg<\/div><div class=\"rbsIcons\"><i class=\"fa fa-search-plus rbsZoomIcon \" ><\/i><\/div><\/div><\/div><\/div><div class=\"rbs-img  category1579 \" ><div class=\"rbs-img-image   rbs-lightbox \" ><div class=\"rbs-img-thumbs\"  data-thumbnail=\"https:\/\/foto.art.br\/site\/wp-content\/uploads\/2025\/01\/ScanImage018-219x300.jpg\"  title=\"ScanImage018.jpg\"  data-width=\"219\"  data-height=\"300\" ><\/div><div class=\"rbs-img-data-popup\"  data-popup=\"https:\/\/foto.art.br\/site\/wp-content\/uploads\/2025\/01\/ScanImage018.jpg\"  title=\"\" ><\/div><div class=\"thumbnail-overlay\"><div class=\"rbsTitle \">ScanImage018.jpg<\/div><div class=\"rbsIcons\"><i class=\"fa fa-search-plus rbsZoomIcon \" ><\/i><\/div><\/div><\/div><\/div><div class=\"rbs-img  category1579 \" ><div class=\"rbs-img-image   rbs-lightbox \" ><div class=\"rbs-img-thumbs\"  data-thumbnail=\"https:\/\/foto.art.br\/site\/wp-content\/uploads\/2025\/01\/ScanImage020-201x300.jpg\"  title=\"ScanImage020.jpg\"  data-width=\"201\"  data-height=\"300\" ><\/div><div class=\"rbs-img-data-popup\"  data-popup=\"https:\/\/foto.art.br\/site\/wp-content\/uploads\/2025\/01\/ScanImage020.jpg\"  title=\"\" ><\/div><div class=\"thumbnail-overlay\"><div class=\"rbsTitle \">ScanImage020.jpg<\/div><div class=\"rbsIcons\"><i class=\"fa fa-search-plus rbsZoomIcon \" ><\/i><\/div><\/div><\/div><\/div><\/div><\/div><\/div><script>var rbs_gallery_69ef3fa6d2f62 = {\"version\":\"5.1.4\",\"id\":1579,\"class\":\"id1579\",\"roboGalleryDelay\":1000,\"mainContainer\":\"#robo_gallery_main_block_rbs_gallery_69ef3fa6d2f62\",\"loadingContainer\":\"#rbs_gallery_69ef3fa6d2f62-block-loader\",\"loadingContainerObj\":\"rbs_gallery_69ef3fa6d2f62-block-loader\",\"columnWidth\":\"auto\",\"columns\":3,\"resolutions\":[{\"columnWidth\":\"auto\",\"columns\":3,\"maxWidth\":960},{\"columnWidth\":\"auto\",\"columns\":2,\"maxWidth\":650},{\"columnWidth\":\"auto\",\"columns\":1,\"maxWidth\":450}],\"lightboxOptions\":{\"gallery\":{\"enabled\":true,\"tCounter\":\"%curr% of %total%\"}},\"overlayEffect\":\"direction-aware-fade\",\"boxesToLoadStart\":12,\"boxesToLoad\":8,\"waitUntilThumbLoads\":1,\"LoadingWord\":\"Loading...\",\"loadMoreWord\":\"Load More\",\"noMoreEntriesWord\":\"No More Entries\",\"horizontalSpaceBetweenBoxes\":15,\"verticalSpaceBetweenBoxes\":15,\"lazyLoad\":1,\"wrapContainer\":\"#robo-gallery-wrap-rbs_gallery_69ef3fa6d2f62\"};<\/script>","protected":false},"excerpt":{"rendered":"<p>O esquema \u00e9 simples, uma c\u00e2mera obscura com lupa focalizando o assunto no plano do scanner; ideal um ambiente iluminado, ou iluminar o motivo fotografado.<\/p>\n","protected":false},"author":1,"featured_media":0,"parent":0,"menu_order":0,"comment_status":"closed","ping_status":"closed","template":"","meta":{"footnotes":""},"class_list":["post-1575","page","type-page","status-publish","hentry"],"blocksy_meta":[],"_links":{"self":[{"href":"https:\/\/foto.art.br\/site\/wp-json\/wp\/v2\/pages\/1575","targetHints":{"allow":["GET"]}}],"collection":[{"href":"https:\/\/foto.art.br\/site\/wp-json\/wp\/v2\/pages"}],"about":[{"href":"https:\/\/foto.art.br\/site\/wp-json\/wp\/v2\/types\/page"}],"author":[{"embeddable":true,"href":"https:\/\/foto.art.br\/site\/wp-json\/wp\/v2\/users\/1"}],"replies":[{"embeddable":true,"href":"https:\/\/foto.art.br\/site\/wp-json\/wp\/v2\/comments?post=1575"}],"version-history":[{"count":0,"href":"https:\/\/foto.art.br\/site\/wp-json\/wp\/v2\/pages\/1575\/revisions"}],"wp:attachment":[{"href":"https:\/\/foto.art.br\/site\/wp-json\/wp\/v2\/media?parent=1575"}],"curies":[{"name":"wp","href":"https:\/\/api.w.org\/{rel}","templated":true}]}}