{"id":1854,"date":"2025-04-06T09:49:32","date_gmt":"2025-04-06T12:49:32","guid":{"rendered":"https:\/\/foto.art.br\/site\/?page_id=1854"},"modified":"2025-06-16T15:18:54","modified_gmt":"2025-06-16T18:18:54","slug":"papel-salgado","status":"publish","type":"page","link":"https:\/\/foto.art.br\/site\/papel-salgado\/","title":{"rendered":"Papel Salgado"},"content":{"rendered":"\n<figure class=\"wp-block-image size-full\"><img loading=\"lazy\" decoding=\"async\" width=\"489\" height=\"638\" src=\"https:\/\/foto.art.br\/site\/wp-content\/uploads\/2025\/04\/Latticed_window_at_lacock_abbey_1835.jpg\" alt=\"\" class=\"wp-image-1857\" srcset=\"https:\/\/foto.art.br\/site\/wp-content\/uploads\/2025\/04\/Latticed_window_at_lacock_abbey_1835.jpg 489w, https:\/\/foto.art.br\/site\/wp-content\/uploads\/2025\/04\/Latticed_window_at_lacock_abbey_1835-230x300.jpg 230w\" sizes=\"auto, (max-width: 489px) 100vw, 489px\" \/><\/figure>\n\n\n\n<p>A t\u00e9cnica do papel salgado foi criada em meados da d\u00e9cada de 1830 pelo cientista e inventor ingl\u00eas Henry Fox Talbot. <br>Ele fez o que chamou de &#8220;papel sens\u00edvel&#8221; para &#8220;desenho fotog\u00eanico&#8221; molhando uma folha de papel de carta com uma solu\u00e7\u00e3o fraca de sal de cozinha comum (cloreto de s\u00f3dio), <br>secando e, depois pincelando com uma solu\u00e7\u00e3o forte de nitrato de prata. <br>Isso produz um revestimento de cloreto de prata em uma condi\u00e7\u00e3o qu\u00edmica especialmente sens\u00edvel \u00e0 luz. O papel escurece exposto \u00e0 luz. <br>Quando o escurecimento for suficiente, a exposi\u00e7\u00e3o \u00e9 encerrada e o resultado estabilizado pela aplica\u00e7\u00e3o de uma solu\u00e7\u00e3o forte de sal, que alterando o equil\u00edbrio qu\u00edmico torna o papel apenas levemene sens\u00edvel \u00e0 luz. <br>Em 1839 John Herschel introduz o uso de solu\u00e7\u00e3o de tiossulfato de s\u00f3dio (&#8220;hipossulfito&#8221;) como fixador da imagem, tornando mais resistente \u00e0 luz.<\/p>\n\n\n\n<figure class=\"wp-block-image size-large\"><img loading=\"lazy\" decoding=\"async\" width=\"846\" height=\"1024\" src=\"https:\/\/foto.art.br\/site\/wp-content\/uploads\/2025\/04\/John_Moffat_-_William_Henry_Fox_Talbot_1864-846x1024.jpg\" alt=\"\" class=\"wp-image-1862\" srcset=\"https:\/\/foto.art.br\/site\/wp-content\/uploads\/2025\/04\/John_Moffat_-_William_Henry_Fox_Talbot_1864-846x1024.jpg 846w, https:\/\/foto.art.br\/site\/wp-content\/uploads\/2025\/04\/John_Moffat_-_William_Henry_Fox_Talbot_1864-248x300.jpg 248w, https:\/\/foto.art.br\/site\/wp-content\/uploads\/2025\/04\/John_Moffat_-_William_Henry_Fox_Talbot_1864-768x929.jpg 768w, https:\/\/foto.art.br\/site\/wp-content\/uploads\/2025\/04\/John_Moffat_-_William_Henry_Fox_Talbot_1864.jpg 876w\" sizes=\"auto, (max-width: 846px) 100vw, 846px\" \/><\/figure>\n\n\n\n<figure class=\"wp-block-image size-large\"><img loading=\"lazy\" decoding=\"async\" width=\"1024\" height=\"977\" src=\"https:\/\/foto.art.br\/site\/wp-content\/uploads\/2025\/04\/unnamed-1024x977.jpg\" alt=\"\" class=\"wp-image-1860\" srcset=\"https:\/\/foto.art.br\/site\/wp-content\/uploads\/2025\/04\/unnamed-1024x977.jpg 1024w, https:\/\/foto.art.br\/site\/wp-content\/uploads\/2025\/04\/unnamed-300x286.jpg 300w, https:\/\/foto.art.br\/site\/wp-content\/uploads\/2025\/04\/unnamed-768x733.jpg 768w, https:\/\/foto.art.br\/site\/wp-content\/uploads\/2025\/04\/unnamed.jpg 1200w\" sizes=\"auto, (max-width: 1024px) 100vw, 1024px\" \/><\/figure>\n\n\n\n<figure class=\"wp-block-image size-full\"><img loading=\"lazy\" decoding=\"async\" width=\"546\" height=\"661\" src=\"https:\/\/foto.art.br\/site\/wp-content\/uploads\/2025\/04\/henry_fox_talbot_the_pencil_of_nature.webp\" alt=\"\" class=\"wp-image-1863\" srcset=\"https:\/\/foto.art.br\/site\/wp-content\/uploads\/2025\/04\/henry_fox_talbot_the_pencil_of_nature.webp 546w, https:\/\/foto.art.br\/site\/wp-content\/uploads\/2025\/04\/henry_fox_talbot_the_pencil_of_nature-248x300.webp 248w\" sizes=\"auto, (max-width: 546px) 100vw, 546px\" \/><\/figure>\n\n\n\n<figure class=\"wp-block-image size-large\"><img loading=\"lazy\" decoding=\"async\" width=\"1024\" height=\"729\" src=\"https:\/\/foto.art.br\/site\/wp-content\/uploads\/2025\/04\/1280px-Edinburgh_Ale_by_Hill__Adamson_c1844-1024x729.jpg\" alt=\"\" class=\"wp-image-1865\" srcset=\"https:\/\/foto.art.br\/site\/wp-content\/uploads\/2025\/04\/1280px-Edinburgh_Ale_by_Hill__Adamson_c1844-1024x729.jpg 1024w, https:\/\/foto.art.br\/site\/wp-content\/uploads\/2025\/04\/1280px-Edinburgh_Ale_by_Hill__Adamson_c1844-300x214.jpg 300w, https:\/\/foto.art.br\/site\/wp-content\/uploads\/2025\/04\/1280px-Edinburgh_Ale_by_Hill__Adamson_c1844-768x547.jpg 768w, https:\/\/foto.art.br\/site\/wp-content\/uploads\/2025\/04\/1280px-Edinburgh_Ale_by_Hill__Adamson_c1844.jpg 1280w\" sizes=\"auto, (max-width: 1024px) 100vw, 1024px\" \/><\/figure>\n\n\n\n<p>A f\u00f3rmula \u00e9 relativamente simples, pode ser feita com apenas 3 produtos quimicos f\u00e1ceis de encontrar, sal de cozinha, nitrato de prata e hipossulfito de s\u00f3dio, mas tem uma sensibilidade baixa, exigindo longas exposi\u00e7\u00f5es, trata-se de uma t\u00e9cnica &#8220;POP&#8221; &#8211; Print Out Paper, <br>onde o papel \u00e9 apenas exposto \u00e0 luz at\u00e9 escurecer o desejado, depois lavado para retirar os sais resultantes do processo e passa por um banho r\u00e1pido de fixador bastante dilu\u00eddo. <br>Apenas a prata tem um curso elevado, 25g custam por volta de R$300 (abril 2025).<\/p>\n\n\n\n<p>O processo n\u00e3o usa a imagem latente, que depende de revela\u00e7\u00e3o &#8211; &#8220;DOP&#8221; &#8211; Developing Out Paper.<\/p>\n\n\n\n<p>Apesar de relativamente simples, trata-se de um processo temperamental cheio de caprichos. <\/p>\n\n\n\n<p>Em fun\u00e7\u00e3o dos sais de prata reagirem facilmente com outros elementos devemos usar \u00e1gua destilada, deionizada ou desmineralizada, papel de algod\u00e3o Ph neutro. <br>O sal se for cloreto de s\u00f3dio puro o resultado \u00e9 mais certo. N\u00e3o usar pincel com parte met\u00e1lica, <br>evitar contato do nitrato com a pele ou olhos, causa queimaduras, manchas na pele.<\/p>\n\n\n\n<p>O tempo de exposi\u00e7\u00e3o e a cor final sofrem interfer\u00eancia da umidade do ar e da temperatura, e o contraste varia conforme a fonte de luz, sol direto ou ilumina\u00e7\u00e3o diusa. <\/p>\n\n\n\n<p>Nas formula\u00e7\u00f5es tradicionais \u00e9 usada uma viragem final com Cloreto de Ouro para garantir a estabilidade da imagem!<\/p>\n\n\n\n<p>\u00c0 partir desta f\u00f3rmula simples inicial temos um grande n\u00famero de variantes, o uso de gelatina, araruta ou albumina na emuls\u00e3o para o preparo do papel, tensoativos para melhorar o espalhamento, dicromato de pot\u00e1ssio para aumentar o contraste, f\u00f3rmulas com outros componentes como citrato de s\u00f3dio, cloreto de amonia, carbonato de s\u00f3dio, sulfito de s\u00f3dio, \u00e1cido c\u00edtrico, \u00e1cido ac\u00e9tico.<\/p>\n\n\n\n<p>Com cuidado seu custo pode ser baixo com qualidade.<\/p>\n\n\n\n<p>tabela com rendimento, custos<\/p>\n\n\n\n<figure class=\"wp-block-image size-full\"><img loading=\"lazy\" decoding=\"async\" width=\"925\" height=\"792\" src=\"https:\/\/foto.art.br\/site\/wp-content\/uploads\/2025\/06\/custossalgado.png\" alt=\"\" class=\"wp-image-2094\" srcset=\"https:\/\/foto.art.br\/site\/wp-content\/uploads\/2025\/06\/custossalgado.png 925w, https:\/\/foto.art.br\/site\/wp-content\/uploads\/2025\/06\/custossalgado-300x257.png 300w, https:\/\/foto.art.br\/site\/wp-content\/uploads\/2025\/06\/custossalgado-768x658.png 768w\" sizes=\"auto, (max-width: 925px) 100vw, 925px\" \/><\/figure>\n\n\n\n<p>Por ser um material caro, em junho de 2025 cerca de R$300 por 25 gramas (prepara 200ml de solu\u00e7\u00e3o de prata) \u00e9 recomend\u00e1vel cuidados na aplica\u00e7\u00e3o da prata para economizar a solu\u00e7\u00e3o:<\/p>\n\n\n\n<p>-se o papel for encolado de maneira pr\u00e9via com gelatina temos uma menor absosr\u00e7\u00e3o do l\u00edquido pelo papel, e uma imagem mais n\u00edtida. O papel com textura mais lisa tamb\u00e9m economiza solu\u00e7\u00e3o e torna a imagem, principalmente se for pequena, mais n\u00edtida.<\/p>\n\n\n\n<p>A aplica\u00e7\u00e3o da solu\u00e7\u00e3o com conta gotas na propor\u00e7\u00e3o de 5 ou 6 gotas por peda\u00e7o de papel A6 (10x15cm), e o espalhamento com um bast\u00e3o de vidro (glass rod).<\/p>\n\n\n\n<figure class=\"wp-block-image size-large is-resized\"><img loading=\"lazy\" decoding=\"async\" width=\"1024\" height=\"577\" src=\"https:\/\/foto.art.br\/site\/wp-content\/uploads\/2025\/06\/salt-3-1024x577.jpg\" alt=\"\" class=\"wp-image-2099\" style=\"width:1290px;height:auto\" srcset=\"https:\/\/foto.art.br\/site\/wp-content\/uploads\/2025\/06\/salt-3-1024x577.jpg 1024w, https:\/\/foto.art.br\/site\/wp-content\/uploads\/2025\/06\/salt-3-300x169.jpg 300w, https:\/\/foto.art.br\/site\/wp-content\/uploads\/2025\/06\/salt-3-768x433.jpg 768w, https:\/\/foto.art.br\/site\/wp-content\/uploads\/2025\/06\/salt-3.jpg 1280w\" sizes=\"auto, (max-width: 1024px) 100vw, 1024px\" \/><figcaption class=\"wp-element-caption\">prender o papel com fita crepe em um vidro<\/figcaption><\/figure>\n\n\n\n<figure class=\"wp-block-image size-large\"><img loading=\"lazy\" decoding=\"async\" width=\"1024\" height=\"577\" src=\"https:\/\/foto.art.br\/site\/wp-content\/uploads\/2025\/06\/salt-1-1024x577.jpg\" alt=\"c\" class=\"wp-image-2097\" srcset=\"https:\/\/foto.art.br\/site\/wp-content\/uploads\/2025\/06\/salt-1-1024x577.jpg 1024w, https:\/\/foto.art.br\/site\/wp-content\/uploads\/2025\/06\/salt-1-300x169.jpg 300w, https:\/\/foto.art.br\/site\/wp-content\/uploads\/2025\/06\/salt-1-768x433.jpg 768w, https:\/\/foto.art.br\/site\/wp-content\/uploads\/2025\/06\/salt-1.jpg 1280w\" sizes=\"auto, (max-width: 1024px) 100vw, 1024px\" \/><figcaption class=\"wp-element-caption\">com um conta gotas coloque as gotas distibuidas  no papel<\/figcaption><\/figure>\n\n\n\n<figure class=\"wp-block-image size-large\"><img loading=\"lazy\" decoding=\"async\" width=\"1024\" height=\"577\" src=\"https:\/\/foto.art.br\/site\/wp-content\/uploads\/2025\/06\/salt-2-1024x577.jpg\" alt=\"\" class=\"wp-image-2098\" srcset=\"https:\/\/foto.art.br\/site\/wp-content\/uploads\/2025\/06\/salt-2-1024x577.jpg 1024w, https:\/\/foto.art.br\/site\/wp-content\/uploads\/2025\/06\/salt-2-300x169.jpg 300w, https:\/\/foto.art.br\/site\/wp-content\/uploads\/2025\/06\/salt-2-768x433.jpg 768w, https:\/\/foto.art.br\/site\/wp-content\/uploads\/2025\/06\/salt-2.jpg 1280w\" sizes=\"auto, (max-width: 1024px) 100vw, 1024px\" \/><figcaption class=\"wp-element-caption\">com um bast\u00e3o de vidro epalhe a solu\u00e7\u00e3o de prata de forma uniforme, olhando o reflexo do liquido na luz vermelha para assegurar o espalhamento uniforme<\/figcaption><\/figure>\n\n\n\n<p>\u00e8 bem melhor do que usar pincel, que ret\u00e9m l\u00edquido e pode tornar manchada a aplica\u00e7\u00e3o. Para isto \u00e9 pr\u00e1tico prender o peda\u00e7o de papel sobre vidro com fita crepe, facilita a a\u00e7\u00e3o do bast\u00e3o de vidro. O sal pode ser aplicado com picel.<\/p>\n\n\n\n<p><strong>F\u00f3rmula b\u00e1sica<\/strong><\/p>\n\n\n\n<p>Salgar o papel<br>Cloreto de S\u00f3dio 2g em 100ml de \u00e1gua<\/p>\n\n\n\n<p>secar<\/p>\n\n\n\n<p>Sensibilisar o papel e luz vermelha<br>Nitrato de Prata 12g em 100ml de \u00e1gua<\/p>\n\n\n\n<p>secar em pouca luz<\/p>\n\n\n\n<p>expor ao sol, 10 minutos a 4 horas, a dependeer do sol \/ nublado, luz UV<\/p>\n\n\n\n<p>lavagem em \u00e1gua corrente para reitirada da prata n\u00e3o exposta.<\/p>\n\n\n\n<p>Pode ser feita em mais de uma bandeja, usando \u00e1cido c\u00edtrico na \u00e1gua.<\/p>\n\n\n\n<p>fixador<br>Hipossulfito de s\u00f3dio 100g  a 150g<br>em 1 litro de \u00e1gua<\/p>\n\n\n\n<p>melhora com a adi\u00e7\u00e3o de um pouco de alcalinidade<br>Carbonato de s\u00f3dio ou Bicarbonato de s\u00f3dio 2g<\/p>\n\n\n\n<p>recomenda-se dividir em 2 banhos, 3 minutos cada<\/p>\n\n\n\n<p>lavagem final<\/p>\n\n\n\n<p>Hipo clearing &#8211; (para retirar tra\u00e7os de fixador)<br>3 minutos em uma solu\u00e7\u00e3o de sulfito de s\u00f3dio 10g por litro<\/p>\n\n\n\n<p>se usar o sulfito lavar novamente<\/p>\n\n\n\n<p>referencias<\/p>\n\n\n\n<p><a href=\"https:\/\/www.imagineiro.com.br\/papel-salgado-estreando-o-novo-laboratorio\/\" target=\"_blank\" rel=\"noreferrer noopener\">https:\/\/www.imagineiro.com.br\/papel-salgado-estreando-o-novo-laboratorio\/<\/a><\/p>\n\n\n\n<p><\/p>\n\n\n\n<figure class=\"wp-block-embed is-type-wp-embed is-provider-alternativephotography-com wp-block-embed-alternativephotography-com\"><div class=\"wp-block-embed__wrapper\">\n<blockquote class=\"wp-embedded-content\" data-secret=\"admIvvTthk\"><a href=\"https:\/\/www.alternativephotography.com\/a-dash-of-salt\/\">A dash of salt<\/a><\/blockquote><iframe loading=\"lazy\" class=\"wp-embedded-content\" sandbox=\"allow-scripts\" security=\"restricted\" style=\"position: absolute; visibility: hidden;\" title=\"&#8220;A dash of salt&#8221; &#8212; AlternativePhotography.com\" src=\"https:\/\/www.alternativephotography.com\/a-dash-of-salt\/embed\/#?secret=sTvfAjCOIa#?secret=admIvvTthk\" data-secret=\"admIvvTthk\" width=\"600\" height=\"338\" frameborder=\"0\" marginwidth=\"0\" marginheight=\"0\" scrolling=\"no\"><\/iframe>\n<\/div><\/figure>\n\n\n\n<figure class=\"wp-block-embed is-type-wp-embed is-provider-alternativephotography-com wp-block-embed-alternativephotography-com\"><div class=\"wp-block-embed__wrapper\">\n<blockquote class=\"wp-embedded-content\" data-secret=\"IF7YqdQhcg\"><a href=\"https:\/\/www.alternativephotography.com\/salt-printing-exposing-the-print\/\">Salt printing: Exposing the print<\/a><\/blockquote><iframe loading=\"lazy\" class=\"wp-embedded-content\" sandbox=\"allow-scripts\" security=\"restricted\" style=\"position: absolute; visibility: hidden;\" title=\"&#8220;Salt printing: Exposing the print&#8221; &#8212; AlternativePhotography.com\" src=\"https:\/\/www.alternativephotography.com\/salt-printing-exposing-the-print\/embed\/#?secret=ioYMYXAXum#?secret=IF7YqdQhcg\" data-secret=\"IF7YqdQhcg\" width=\"600\" height=\"338\" frameborder=\"0\" marginwidth=\"0\" marginheight=\"0\" scrolling=\"no\"><\/iframe>\n<\/div><\/figure>\n\n\n\n<figure class=\"wp-block-embed is-type-wp-embed is-provider-alternativephotography-com wp-block-embed-alternativephotography-com\"><div class=\"wp-block-embed__wrapper\">\n<blockquote class=\"wp-embedded-content\" data-secret=\"O6inNRtJxi\"><a href=\"https:\/\/www.alternativephotography.com\/albumen-printing\/\">Albumen printing<\/a><\/blockquote><iframe loading=\"lazy\" class=\"wp-embedded-content\" sandbox=\"allow-scripts\" security=\"restricted\" style=\"position: absolute; visibility: hidden;\" title=\"&#8220;Albumen printing&#8221; &#8212; AlternativePhotography.com\" src=\"https:\/\/www.alternativephotography.com\/albumen-printing\/embed\/#?secret=b7j4LT8LXB#?secret=O6inNRtJxi\" data-secret=\"O6inNRtJxi\" width=\"600\" height=\"338\" frameborder=\"0\" marginwidth=\"0\" marginheight=\"0\" scrolling=\"no\"><\/iframe>\n<\/div><\/figure>\n\n\n\n<p><strong>The Albumen Salted Paper Book<\/strong><\/p>\n\n\n\n<p><a href=\"https:\/\/cool.culturalheritage.org\/albumen\/library\/monographs\/reilly\/chap3.html\" target=\"_blank\" rel=\"noreferrer noopener\">https:\/\/cool.culturalheritage.org\/albumen\/library\/monographs\/reilly\/chap3.html<\/a><\/p>\n\n\n\n<p><a href=\"https:\/\/cool.culturalheritage.org\/albumen\/library\/monographs\/reilly\/chap4.html\" target=\"_blank\" rel=\"noreferrer noopener\">https:\/\/cool.culturalheritage.org\/albumen\/library\/monographs\/reilly\/chap4.html<\/a><\/p>\n\n\n\n<p><a href=\"https:\/\/cool.culturalheritage.org\/albumen\/library\/monographs\/reilly\/chap9.html\">https:\/\/cool.culturalheritage.org\/albumen\/library\/monographs\/reilly\/chap9.html<\/a><\/p>\n\n\n\n<p><\/p>\n\n\n\n<p><strong>Trabalhos  usando a t\u00e9cnica<\/strong><\/p>\n\n\n\n<p><strong>Ricardo Hantzschel<\/strong><br>Homens de Sal, 2011- 2015<\/p>\n\n\n\n<figure class=\"wp-block-image size-full\"><img loading=\"lazy\" decoding=\"async\" width=\"730\" height=\"604\" src=\"https:\/\/foto.art.br\/site\/wp-content\/uploads\/2025\/04\/salricardo.webp\" alt=\"\" class=\"wp-image-1884\" srcset=\"https:\/\/foto.art.br\/site\/wp-content\/uploads\/2025\/04\/salricardo.webp 730w, https:\/\/foto.art.br\/site\/wp-content\/uploads\/2025\/04\/salricardo-300x248.webp 300w\" sizes=\"auto, (max-width: 730px) 100vw, 730px\" \/><\/figure>\n\n\n\n<p><a href=\"https:\/\/www.fotopositivo.com.br\/portfolio\" target=\"_blank\" rel=\"noreferrer noopener\">https:\/\/www.fotopositivo.com.br\/portfolio<\/a><br><a href=\"https:\/\/livrosdefotografia.org\/publicacao\/4583\/sal\" target=\"_blank\" rel=\"noreferrer noopener\">https:\/\/livrosdefotografia.org\/publicacao\/4583\/sal<\/a><\/p>\n\n\n\n<p><strong>Renata Voss<\/strong><br>Sumir do Mapa 2023<br><a href=\"https:\/\/renatavoss.com\/portfolio\/sumir-do-mapa-2023\/\" target=\"_blank\" rel=\"noreferrer noopener\">https:\/\/renatavoss.com\/portfolio\/sumir-do-mapa-2023\/<\/a><\/p>\n\n\n\n<figure class=\"wp-block-embed is-type-wp-embed is-provider-foto-art-br wp-block-embed-foto-art-br\"><div class=\"wp-block-embed__wrapper\">\n<blockquote class=\"wp-embedded-content\" data-secret=\"SZifa7mJLT\"><a href=\"https:\/\/foto.art.br\/site\/2025\/04\/06\/o-sal-maceio-renata-voss\/\">o Sal, Macei\u00f3 &amp; Renata Voss<\/a><\/blockquote><iframe loading=\"lazy\" class=\"wp-embedded-content\" sandbox=\"allow-scripts\" security=\"restricted\" style=\"position: absolute; visibility: hidden;\" title=\"&#8220;o Sal, Macei\u00f3 &amp; Renata Voss&#8221; &#8212; foto.art.br\" src=\"https:\/\/foto.art.br\/site\/2025\/04\/06\/o-sal-maceio-renata-voss\/embed\/#?secret=mCInFfuoOw#?secret=SZifa7mJLT\" data-secret=\"SZifa7mJLT\" width=\"600\" height=\"338\" frameborder=\"0\" marginwidth=\"0\" marginheight=\"0\" scrolling=\"no\"><\/iframe>\n<\/div><\/figure>\n\n\n\n<p><strong>Andrea Bracher<\/strong><br>Fairies 2006<\/p>\n\n\n\n<p><a href=\"https:\/\/www.andreabracher.com.br\/fairies\">https:\/\/www.andreabracher.com.br\/fairies<\/a><\/p>\n\n\n\n<figure class=\"wp-block-image size-full\"><img loading=\"lazy\" decoding=\"async\" width=\"416\" height=\"573\" src=\"https:\/\/foto.art.br\/site\/wp-content\/uploads\/2025\/04\/fairies.jpg\" alt=\"\" class=\"wp-image-1887\" srcset=\"https:\/\/foto.art.br\/site\/wp-content\/uploads\/2025\/04\/fairies.jpg 416w, https:\/\/foto.art.br\/site\/wp-content\/uploads\/2025\/04\/fairies-218x300.jpg 218w\" sizes=\"auto, (max-width: 416px) 100vw, 416px\" \/><\/figure>\n","protected":false},"excerpt":{"rendered":"<p>A t\u00e9cnica do papel salgado foi criada em meados da d\u00e9cada de 1830 pelo cientista e inventor ingl\u00eas Henry Fox Talbot. Ele fez o que chamou de &#8220;papel sens\u00edvel&#8221; para &#8220;desenho fotog\u00eanico&#8221; molhando uma folha de papel de carta com uma solu\u00e7\u00e3o fraca de sal de cozinha comum (cloreto de s\u00f3dio), secando e, depois pincelando [&hellip;]<\/p>\n","protected":false},"author":1,"featured_media":0,"parent":0,"menu_order":0,"comment_status":"closed","ping_status":"closed","template":"","meta":{"footnotes":""},"class_list":["post-1854","page","type-page","status-publish","hentry"],"blocksy_meta":[],"_links":{"self":[{"href":"https:\/\/foto.art.br\/site\/wp-json\/wp\/v2\/pages\/1854","targetHints":{"allow":["GET"]}}],"collection":[{"href":"https:\/\/foto.art.br\/site\/wp-json\/wp\/v2\/pages"}],"about":[{"href":"https:\/\/foto.art.br\/site\/wp-json\/wp\/v2\/types\/page"}],"author":[{"embeddable":true,"href":"https:\/\/foto.art.br\/site\/wp-json\/wp\/v2\/users\/1"}],"replies":[{"embeddable":true,"href":"https:\/\/foto.art.br\/site\/wp-json\/wp\/v2\/comments?post=1854"}],"version-history":[{"count":0,"href":"https:\/\/foto.art.br\/site\/wp-json\/wp\/v2\/pages\/1854\/revisions"}],"wp:attachment":[{"href":"https:\/\/foto.art.br\/site\/wp-json\/wp\/v2\/media?parent=1854"}],"curies":[{"name":"wp","href":"https:\/\/api.w.org\/{rel}","templated":true}]}}