{"id":2725,"date":"2026-02-05T16:55:01","date_gmt":"2026-02-05T19:55:01","guid":{"rendered":"https:\/\/foto.art.br\/site\/?page_id=2725"},"modified":"2026-02-05T16:55:01","modified_gmt":"2026-02-05T19:55:01","slug":"pinhole","status":"publish","type":"page","link":"https:\/\/foto.art.br\/site\/pinhole\/","title":{"rendered":"Pinhole"},"content":{"rendered":"\n<p>do ingles, furo de agulha; c\u00e2mera pinhole, fotografia stenopeica, fotografia na lata.<\/p>\n\n\n\n<p>Pr\u00e1tica que envolve a constru\u00e7\u00e3o e uso de c\u00e2meras simples para obten\u00e7\u00e3o de fotografias usando o principio d c\u00e2mera obscura. Muito usada em educa\u00e7\u00e3o. ensino de arte e fotografia, e por alguns artistas.<\/p>\n\n\n\n<p>A c\u00e2mera pode ser extremamente simples, mas pode tamb\u00e9m ser muito sofisticada em sua constru\u00e7\u00e3o, tamanho da imagem, qualidade das imagens.<\/p>\n\n\n\n<p>Das mais simples temos o punho enquanto c\u00e2mera o orif\u00edcio feito com o polegar dobrado e a m\u00e3o segurando um peda\u00e7o de filme.<\/p>\n\n\n\n<figure class=\"wp-block-image size-full\"><img loading=\"lazy\" decoding=\"async\" width=\"316\" height=\"227\" src=\"https:\/\/foto.art.br\/site\/wp-content\/uploads\/2026\/02\/strumenti35.jpg\" alt=\"\" class=\"wp-image-2709\" srcset=\"https:\/\/foto.art.br\/site\/wp-content\/uploads\/2026\/02\/strumenti35.jpg 316w, https:\/\/foto.art.br\/site\/wp-content\/uploads\/2026\/02\/strumenti35-300x216.jpg 300w, https:\/\/foto.art.br\/site\/wp-content\/uploads\/2026\/02\/strumenti35-100x72.jpg 100w\" sizes=\"auto, (max-width: 316px) 100vw, 316px\" \/><\/figure>\n\n\n\n<figure class=\"wp-block-image size-full\"><img loading=\"lazy\" decoding=\"async\" width=\"400\" height=\"540\" src=\"https:\/\/foto.art.br\/site\/wp-content\/uploads\/2026\/02\/pugno1.jpg\" alt=\"\" class=\"wp-image-2708\" srcset=\"https:\/\/foto.art.br\/site\/wp-content\/uploads\/2026\/02\/pugno1.jpg 400w, https:\/\/foto.art.br\/site\/wp-content\/uploads\/2026\/02\/pugno1-222x300.jpg 222w, https:\/\/foto.art.br\/site\/wp-content\/uploads\/2026\/02\/pugno1-100x135.jpg 100w\" sizes=\"auto, (max-width: 400px) 100vw, 400px\" \/><\/figure>\n\n\n\n<p>a imagem resultante, no trabalho do artista italiano <a href=\"https:\/\/www.paologioli.it\/foto4a.php?page=foto&amp;sez=1&amp;id=4\" data-type=\"link\" data-id=\"https:\/\/www.paologioli.it\/foto4a.php?page=foto&amp;sez=1&amp;id=4\" target=\"_blank\" rel=\"noreferrer noopener\">Paolo Gioli<\/a><\/p>\n\n\n\n<p>At\u00e9 c\u00e2meras gigantes e sofisticadas como do artista chines Shi Gorui<\/p>\n\n\n\n<figure class=\"wp-block-image size-large\"><img loading=\"lazy\" decoding=\"async\" width=\"1024\" height=\"680\" src=\"https:\/\/foto.art.br\/site\/wp-content\/uploads\/2026\/02\/Guorii-Camera-Obscua-1024x680.jpg\" alt=\"\" class=\"wp-image-2711\" srcset=\"https:\/\/foto.art.br\/site\/wp-content\/uploads\/2026\/02\/Guorii-Camera-Obscua-1024x680.jpg 1024w, https:\/\/foto.art.br\/site\/wp-content\/uploads\/2026\/02\/Guorii-Camera-Obscua-300x199.jpg 300w, https:\/\/foto.art.br\/site\/wp-content\/uploads\/2026\/02\/Guorii-Camera-Obscua-768x510.jpg 768w, https:\/\/foto.art.br\/site\/wp-content\/uploads\/2026\/02\/Guorii-Camera-Obscua-100x66.jpg 100w, https:\/\/foto.art.br\/site\/wp-content\/uploads\/2026\/02\/Guorii-Camera-Obscua-1536x1021.jpg 1536w, https:\/\/foto.art.br\/site\/wp-content\/uploads\/2026\/02\/Guorii-Camera-Obscua-2048x1361.jpg 2048w\" sizes=\"auto, (max-width: 1024px) 100vw, 1024px\" \/><figcaption class=\"wp-element-caption\">Shi Gorui e sua c\u00e2mera barraca<\/figcaption><\/figure>\n\n\n\n<figure class=\"wp-block-image size-full\"><img loading=\"lazy\" decoding=\"async\" width=\"600\" height=\"840\" src=\"https:\/\/foto.art.br\/site\/wp-content\/uploads\/2026\/02\/merlin_158505813_2535acaa-db46-40d1-90aa-9d9e5e3ea2e5-articleLarge.jpg\" alt=\"\" class=\"wp-image-2712\" srcset=\"https:\/\/foto.art.br\/site\/wp-content\/uploads\/2026\/02\/merlin_158505813_2535acaa-db46-40d1-90aa-9d9e5e3ea2e5-articleLarge.jpg 600w, https:\/\/foto.art.br\/site\/wp-content\/uploads\/2026\/02\/merlin_158505813_2535acaa-db46-40d1-90aa-9d9e5e3ea2e5-articleLarge-214x300.jpg 214w, https:\/\/foto.art.br\/site\/wp-content\/uploads\/2026\/02\/merlin_158505813_2535acaa-db46-40d1-90aa-9d9e5e3ea2e5-articleLarge-100x140.jpg 100w\" sizes=\"auto, (max-width: 600px) 100vw, 600px\" \/><\/figure>\n\n\n\n<p>o conjunto de diversos diafragmas de lat\u00e3o<\/p>\n\n\n\n<figure class=\"wp-block-image size-large\"><img loading=\"lazy\" decoding=\"async\" width=\"1024\" height=\"758\" src=\"https:\/\/foto.art.br\/site\/wp-content\/uploads\/2026\/02\/shi08-1024x758.png\" alt=\"\" class=\"wp-image-2713\" srcset=\"https:\/\/foto.art.br\/site\/wp-content\/uploads\/2026\/02\/shi08-1024x758.png 1024w, https:\/\/foto.art.br\/site\/wp-content\/uploads\/2026\/02\/shi08-300x222.png 300w, https:\/\/foto.art.br\/site\/wp-content\/uploads\/2026\/02\/shi08-768x569.png 768w, https:\/\/foto.art.br\/site\/wp-content\/uploads\/2026\/02\/shi08-100x74.png 100w, https:\/\/foto.art.br\/site\/wp-content\/uploads\/2026\/02\/shi08.png 1292w\" sizes=\"auto, (max-width: 1024px) 100vw, 1024px\" \/><\/figure>\n\n\n\n<p>a foto \u00fanica, em papel negativo de grande dimens\u00e3o<\/p>\n\n\n\n<p><a href=\"https:\/\/www.artsy.net\/artist\/shi-guorui-shi-guo-rui\" data-type=\"link\" data-id=\"https:\/\/www.artsy.net\/artist\/shi-guorui-shi-guo-rui\" target=\"_blank\" rel=\"noreferrer noopener\">Shi Gorui<\/a><\/p>\n\n\n\n<p>Hoje em dia com o alto custo do papel fotogr\u00e1fico, temos a alternativa de trabalhar com filme de raio-x.<br>Este, comparado ao papel fotogr\u00e1fico tem sensibilidade muito maior, mas \u00e9 muito sensivel a arranh\u00f5es, quando molhado. A sensibilidade maior \u00e9 boa para o tempo de exposi\u00e7\u00e3o, mas dificulta a adapta\u00e7\u00e3o do laborat\u00f3rio e o uso de lanterna de seguran\u00e7a, vela muito f\u00e1cil, ver filme de raio-x<\/p>\n\n\n\n<p>PAPEL FOTOGR\u00c1FICO &#8211; em torno de ISO 8<\/p>\n\n\n\n<p>FILME DE RAIO X &#8211; aproximadamente ISO 200<\/p>\n\n\n\n<p>Para se trabalhar o oficinas o ideal \u00e9 padronizar as latas, costumo aceitar apenas de leite em p\u00f3 e similares de 350 a 400g, pode ser de metal ou papel\u00e3o, tampa met\u00e1lica ou de pl\u00e1stico, di\u00e2metro aproximado de 10cm, altura de 12 a 14cm,<\/p>\n\n\n\n<figure class=\"wp-block-image size-large\"><img loading=\"lazy\" decoding=\"async\" width=\"1024\" height=\"556\" src=\"https:\/\/foto.art.br\/site\/wp-content\/uploads\/2026\/02\/wp-17703190837113562583950221440378-1024x556.jpg\" alt=\"\" class=\"wp-image-2717\" srcset=\"https:\/\/foto.art.br\/site\/wp-content\/uploads\/2026\/02\/wp-17703190837113562583950221440378-1024x556.jpg 1024w, https:\/\/foto.art.br\/site\/wp-content\/uploads\/2026\/02\/wp-17703190837113562583950221440378-300x163.jpg 300w, https:\/\/foto.art.br\/site\/wp-content\/uploads\/2026\/02\/wp-17703190837113562583950221440378-768x417.jpg 768w, https:\/\/foto.art.br\/site\/wp-content\/uploads\/2026\/02\/wp-17703190837113562583950221440378-100x54.jpg 100w, https:\/\/foto.art.br\/site\/wp-content\/uploads\/2026\/02\/wp-17703190837113562583950221440378-1536x833.jpg 1536w, https:\/\/foto.art.br\/site\/wp-content\/uploads\/2026\/02\/wp-17703190837113562583950221440378.jpg 2000w\" sizes=\"auto, (max-width: 1024px) 100vw, 1024px\" \/><\/figure>\n\n\n\n<p>Assim fica mais f\u00e1cil o corte do filme, o tamnho deo furo, o tempo de exposi\u00e7\u00e3o. Numa oficina com v\u00e1rio participantes n\u00e3o d\u00e1 para misturar latas maiores ou menores, atrapalha o fluxo.<\/p>\n\n\n\n<p>As latas s\u00e3o pintadas por dentro, o bom \u00e9 dar diversos jatos curtos, usando pouca tinta, dar mais de uma dem\u00e3o bem leve, usando muita tinta ela empo\u00e7a no fundo e demora para secar&#8230;<\/p>\n\n\n\n<p>Quando as tampas s\u00e3o pl\u00e1sticas pintamos com spray preto fosco por dentro e por fora.<\/p>\n\n\n\n<figure class=\"wp-block-image size-large\"><img loading=\"lazy\" decoding=\"async\" width=\"1024\" height=\"577\" src=\"https:\/\/foto.art.br\/site\/wp-content\/uploads\/2026\/02\/wp-17703201430465430042129394453010-1024x577.jpg\" alt=\"\" class=\"wp-image-2723\" srcset=\"https:\/\/foto.art.br\/site\/wp-content\/uploads\/2026\/02\/wp-17703201430465430042129394453010-1024x577.jpg 1024w, https:\/\/foto.art.br\/site\/wp-content\/uploads\/2026\/02\/wp-17703201430465430042129394453010-300x169.jpg 300w, https:\/\/foto.art.br\/site\/wp-content\/uploads\/2026\/02\/wp-17703201430465430042129394453010-768x432.jpg 768w, https:\/\/foto.art.br\/site\/wp-content\/uploads\/2026\/02\/wp-17703201430465430042129394453010-100x56.jpg 100w, https:\/\/foto.art.br\/site\/wp-content\/uploads\/2026\/02\/wp-17703201430465430042129394453010-1536x865.jpg 1536w, https:\/\/foto.art.br\/site\/wp-content\/uploads\/2026\/02\/wp-17703201430465430042129394453010.jpg 2000w\" sizes=\"auto, (max-width: 1024px) 100vw, 1024px\" \/><\/figure>\n\n\n\n<p><\/p>\n\n\n\n<figure class=\"wp-block-image size-large\"><img loading=\"lazy\" decoding=\"async\" width=\"1024\" height=\"577\" src=\"https:\/\/foto.art.br\/site\/wp-content\/uploads\/2026\/02\/wp-17703201429084374568614237473324-1024x577.jpg\" alt=\"\" class=\"wp-image-2721\" srcset=\"https:\/\/foto.art.br\/site\/wp-content\/uploads\/2026\/02\/wp-17703201429084374568614237473324-1024x577.jpg 1024w, https:\/\/foto.art.br\/site\/wp-content\/uploads\/2026\/02\/wp-17703201429084374568614237473324-300x169.jpg 300w, https:\/\/foto.art.br\/site\/wp-content\/uploads\/2026\/02\/wp-17703201429084374568614237473324-768x432.jpg 768w, https:\/\/foto.art.br\/site\/wp-content\/uploads\/2026\/02\/wp-17703201429084374568614237473324-100x56.jpg 100w, https:\/\/foto.art.br\/site\/wp-content\/uploads\/2026\/02\/wp-17703201429084374568614237473324-1536x865.jpg 1536w, https:\/\/foto.art.br\/site\/wp-content\/uploads\/2026\/02\/wp-17703201429084374568614237473324.jpg 2000w\" sizes=\"auto, (max-width: 1024px) 100vw, 1024px\" \/><\/figure>\n\n\n\n<p><br>Depois (nas tampas pl\u00e1sticas) cortamos dois circulos de EVA 1mm, decalcando com a lata sobre a mesa para decalcar. Um c\u00edrculo deve ser preso \u00e0 tampa com peda\u00e7os de fita dobrada. O outro fica solto para ser encaixado, evitando assim com seguran\u00e7a a entrada de luz.<\/p>\n\n\n\n<figure class=\"wp-block-image size-large\"><img loading=\"lazy\" decoding=\"async\" width=\"577\" height=\"1024\" src=\"https:\/\/foto.art.br\/site\/wp-content\/uploads\/2026\/02\/wp-17703201429858414564947549392615-577x1024.jpg\" alt=\"\" class=\"wp-image-2722\" srcset=\"https:\/\/foto.art.br\/site\/wp-content\/uploads\/2026\/02\/wp-17703201429858414564947549392615-577x1024.jpg 577w, https:\/\/foto.art.br\/site\/wp-content\/uploads\/2026\/02\/wp-17703201429858414564947549392615-169x300.jpg 169w, https:\/\/foto.art.br\/site\/wp-content\/uploads\/2026\/02\/wp-17703201429858414564947549392615-768x1364.jpg 768w, https:\/\/foto.art.br\/site\/wp-content\/uploads\/2026\/02\/wp-17703201429858414564947549392615-100x178.jpg 100w, https:\/\/foto.art.br\/site\/wp-content\/uploads\/2026\/02\/wp-17703201429858414564947549392615-865x1536.jpg 865w, https:\/\/foto.art.br\/site\/wp-content\/uploads\/2026\/02\/wp-17703201429858414564947549392615.jpg 1126w\" sizes=\"auto, (max-width: 577px) 100vw, 577px\" \/><\/figure>\n\n\n\n<p>Fazemos um furo com um prego gande num ponto m\u00e9dio da lata, sem se preocuipar com o amassado, que deve ser batido para fora com um alicate ou martelo pequeno. Depois este furio deve ser alargado, pode ser com um alicate de bico uma telsoura grande. Deve ser alargado de forma que n\u00e3o vinhete a imagem final, e batido por dentro para rebaixar as rebarbas.<\/p>\n\n\n\n<p>O furo deve ser feito em um peda\u00e7o de alun\u00ednio de lata de refrigerante, conforme o explicado <a href=\"https:\/\/foto.art.br\/site\/furo-pinhole\/\" data-type=\"link\" data-id=\"https:\/\/foto.art.br\/site\/furo-pinhole\/\" target=\"_blank\" rel=\"noreferrer noopener\">nesta p\u00e1gina<\/a><\/p>\n\n\n\n<p>o alujm\u00ednio com o furo \u00e9 preso na lata com fita isolante, que tamb\u00e9m \u00e9 usada para fazer o obturador.<\/p>\n\n\n\n<figure class=\"wp-block-image size-large\"><img loading=\"lazy\" decoding=\"async\" width=\"1024\" height=\"577\" src=\"https:\/\/foto.art.br\/site\/wp-content\/uploads\/2026\/02\/wp-17703201427326816019872956919035-1024x577.jpg\" alt=\"\" class=\"wp-image-2719\" srcset=\"https:\/\/foto.art.br\/site\/wp-content\/uploads\/2026\/02\/wp-17703201427326816019872956919035-1024x577.jpg 1024w, https:\/\/foto.art.br\/site\/wp-content\/uploads\/2026\/02\/wp-17703201427326816019872956919035-300x169.jpg 300w, https:\/\/foto.art.br\/site\/wp-content\/uploads\/2026\/02\/wp-17703201427326816019872956919035-768x432.jpg 768w, https:\/\/foto.art.br\/site\/wp-content\/uploads\/2026\/02\/wp-17703201427326816019872956919035-100x56.jpg 100w, https:\/\/foto.art.br\/site\/wp-content\/uploads\/2026\/02\/wp-17703201427326816019872956919035-1536x865.jpg 1536w, https:\/\/foto.art.br\/site\/wp-content\/uploads\/2026\/02\/wp-17703201427326816019872956919035.jpg 2000w\" sizes=\"auto, (max-width: 1024px) 100vw, 1024px\" \/><\/figure>\n\n\n\n<figure class=\"wp-block-image size-large\"><img loading=\"lazy\" decoding=\"async\" width=\"1024\" height=\"577\" src=\"https:\/\/foto.art.br\/site\/wp-content\/uploads\/2026\/02\/wp-17703201428218582589283753124606-1024x577.jpg\" alt=\"\" class=\"wp-image-2720\" srcset=\"https:\/\/foto.art.br\/site\/wp-content\/uploads\/2026\/02\/wp-17703201428218582589283753124606-1024x577.jpg 1024w, https:\/\/foto.art.br\/site\/wp-content\/uploads\/2026\/02\/wp-17703201428218582589283753124606-300x169.jpg 300w, https:\/\/foto.art.br\/site\/wp-content\/uploads\/2026\/02\/wp-17703201428218582589283753124606-768x432.jpg 768w, https:\/\/foto.art.br\/site\/wp-content\/uploads\/2026\/02\/wp-17703201428218582589283753124606-100x56.jpg 100w, https:\/\/foto.art.br\/site\/wp-content\/uploads\/2026\/02\/wp-17703201428218582589283753124606-1536x865.jpg 1536w, https:\/\/foto.art.br\/site\/wp-content\/uploads\/2026\/02\/wp-17703201428218582589283753124606.jpg 2000w\" sizes=\"auto, (max-width: 1024px) 100vw, 1024px\" \/><\/figure>\n\n\n\n<p>Com latas deste tamanho fica pr\u00e1tico usar filme de raio x 13x18cm cortado ao meio (9x13cm) ou 18x24cm cortado em 4 peda\u00e7os de 9x12cm<\/p>\n","protected":false},"excerpt":{"rendered":"<p>do ingles, furo de agulha; c\u00e2mera pinhole, fotografia stenopeica, fotografia na lata. Pr\u00e1tica que envolve a constru\u00e7\u00e3o e uso de c\u00e2meras simples para obten\u00e7\u00e3o de fotografias usando o principio d c\u00e2mera obscura. Muito usada em educa\u00e7\u00e3o. ensino de arte e fotografia, e por alguns artistas. A c\u00e2mera pode ser extremamente simples, mas pode tamb\u00e9m ser [&hellip;]<\/p>\n","protected":false},"author":1,"featured_media":0,"parent":0,"menu_order":0,"comment_status":"closed","ping_status":"closed","template":"","meta":{"footnotes":""},"class_list":["post-2725","page","type-page","status-publish","hentry"],"blocksy_meta":[],"_links":{"self":[{"href":"https:\/\/foto.art.br\/site\/wp-json\/wp\/v2\/pages\/2725","targetHints":{"allow":["GET"]}}],"collection":[{"href":"https:\/\/foto.art.br\/site\/wp-json\/wp\/v2\/pages"}],"about":[{"href":"https:\/\/foto.art.br\/site\/wp-json\/wp\/v2\/types\/page"}],"author":[{"embeddable":true,"href":"https:\/\/foto.art.br\/site\/wp-json\/wp\/v2\/users\/1"}],"replies":[{"embeddable":true,"href":"https:\/\/foto.art.br\/site\/wp-json\/wp\/v2\/comments?post=2725"}],"version-history":[{"count":3,"href":"https:\/\/foto.art.br\/site\/wp-json\/wp\/v2\/pages\/2725\/revisions"}],"predecessor-version":[{"id":2729,"href":"https:\/\/foto.art.br\/site\/wp-json\/wp\/v2\/pages\/2725\/revisions\/2729"}],"wp:attachment":[{"href":"https:\/\/foto.art.br\/site\/wp-json\/wp\/v2\/media?parent=2725"}],"curies":[{"name":"wp","href":"https:\/\/api.w.org\/{rel}","templated":true}]}}