{"id":336,"date":"2023-10-25T09:48:20","date_gmt":"2023-10-25T12:48:20","guid":{"rendered":"https:\/\/foto.art.br\/site\/?page_id=336"},"modified":"2024-01-22T16:03:24","modified_gmt":"2024-01-22T19:03:24","slug":"lentes-de-outros-dispositivos-oticos","status":"publish","type":"page","link":"https:\/\/foto.art.br\/site\/lentes-de-outros-dispositivos-oticos\/","title":{"rendered":"outras lentes"},"content":{"rendered":"\n<p>Podemos usar lentes de diversos dispositivos \u00f3ticos, projetores episc\u00f3pios, projetores de trasnpar\u00eancia ou retroprojetor, lendes de copiadoras (xerox, canon, fuji),<br>lentes gr\u00e1ficas, de m\u00e1quinas de fotolito, lentes de ampliadores fotogr\u00e1ficos. etc. <\/p>\n\n\n\n<p>No geral estas lentes n\u00e3o possuem obturador, e algumas nem diafragma (as de projetores e copiadoras).<\/p>\n\n\n\n<p>O importante \u00e9 a escolha da dist\u00e2ncia focal, recomendo acima de 100mm e a \u00e1rea de cobertura, ou c\u00edrculo de imagem \u00fatil, ideal que seja com mais de 10cm.<\/p>\n\n\n\n<p><\/p>\n\n\n\n<p>Retroprojetor, s\u00e3o das minhas preferidas, possuem um pequeno helicoidal simples, distancia focal de 30cm ou mais,  foram feitas para projetar originais opacos de formato A4, ent\u00e3o tem um c\u00edrculo de imagem de pelo menos 30cm, e sempre tem boa luminosidade, geralmente 3,3 ou 3,6. A mais encontrada no mercado \u00e9 a Marca IEC, fabricado em Novo Hamburgo-RS, usava lentes importadas, algumas da Liesegang, fabricante de projetores. Encontramos tamb\u00e9m de projetores desta mesma marca, Leitz e mais alguns outros.<\/p>\n\n\n\n<p>S\u00e3o lentes \u00f3timas para fazer c\u00e2meras de grande formato 8&#215;10&#8243; ou 20x25cm, podendo se usar tamb\u00e9m 24x30cm, 13x18cm (ou 5&#215;7&#8243;,<\/p>\n\n\n<style type=\"text\/css\" scoped>.rbs_gallery_69ef45a11365dSpinner{\r\n\t\t\t\tmargin: 50px auto;\r\n\t\t\t\twidth: 50px;\r\n\t\t\t\theight: 40px;\r\n\t\t\t\ttext-align: center;\r\n\t\t\t\tfont-size: 10px;\r\n\t\t\t}\r\n\t\t\t.rbs_gallery_69ef45a11365dSpinner > div{\r\n\t\t\t  background-color: #333;\r\n\t\t\t  height: 100%;\r\n\t\t\t  width: 6px;\r\n\t\t\t  display: inline-block;\r\n\t\t\t  -webkit-animation: rbs_gallery_69ef45a11365d-stretchdelay 1.2s infinite ease-in-out;\r\n\t\t\t  animation: rbs_gallery_69ef45a11365d-stretchdelay 1.2s infinite ease-in-out;\r\n\t\t\t}\r\n\t\t\t.rbs_gallery_69ef45a11365dSpinner .rbs_gallery_69ef45a11365dRect2 {\r\n\t\t\t  -webkit-animation-delay: -1.1s;\r\n\t\t\t  animation-delay: -1.1s;\r\n\t\t\t}\r\n\t\t\t.rbs_gallery_69ef45a11365dSpinner .rbs_gallery_69ef45a11365dRect3 {\r\n\t\t\t  -webkit-animation-delay: -1.0s;\r\n\t\t\t  animation-delay: -1.0s;\r\n\t\t\t}\r\n\t\t\t.rbs_gallery_69ef45a11365dSpinner .rbs_gallery_69ef45a11365dRect4 {\r\n\t\t\t  -webkit-animation-delay: -0.9s;\r\n\t\t\t  animation-delay: -0.9s;\r\n\t\t\t}\r\n\t\t\t.rbs_gallery_69ef45a11365dSpinner .rbs_gallery_69ef45a11365dRect5 {\r\n\t\t\t  -webkit-animation-delay: -0.8s;\r\n\t\t\t  animation-delay: -0.8s;\r\n\t\t\t}\r\n\t\t\t@-webkit-keyframes rbs_gallery_69ef45a11365d-stretchdelay {\r\n\t\t\t  0%, 40%, 100% { -webkit-transform: scaleY(0.4) }  \r\n\t\t\t  20% { -webkit-transform: scaleY(1.0) }\r\n\t\t\t}\r\n\t\t\t@keyframes rbs_gallery_69ef45a11365d-stretchdelay {\r\n\t\t\t  0%, 40%, 100% { \r\n\t\t\t    transform: scaleY(0.4);\r\n\t\t\t    -webkit-transform: scaleY(0.4);\r\n\t\t\t  }  20% { \r\n\t\t\t    transform: scaleY(1.0);\r\n\t\t\t    -webkit-transform: scaleY(1.0);\r\n\t\t\t  }\r\n\t\t\t}\r\n\t\t<\/style><div class=\"robo-gallery-wrap robo-gallery-wrap-id328 robo-gallery-grid\" ><div id=\"rbs_gallery_69ef45a11365d-block-loader\" class=\"rbs_gallery_69ef45a11365dSpinner\"><div class=\"rbs_gallery_69ef45a11365dRect1\"><\/div> <div class=\"rbs_gallery_69ef45a11365dRect2\"><\/div> <div class=\"rbs_gallery_69ef45a11365dRect3\"><\/div> <div class=\"rbs_gallery_69ef45a11365dRect4\"><\/div> <div class=\"rbs_gallery_69ef45a11365dRect5\"><\/div><\/div><div id=\"robo_gallery_main_block_rbs_gallery_69ef45a11365d\" class=\"robogallery-gallery-328\" style=\"width:100%;  display: none;\"><div id=\"rbs_gallery_69ef45a11365d\" data-options=\"rbs_gallery_69ef45a11365d\" style=\"width:100%;\" class=\"robo_gallery  \"><div class=\"rbs-img  category328 \" ><div class=\"rbs-img-image   rbs-lightbox \" ><div class=\"rbs-img-thumbs\"  data-thumbnail=\"https:\/\/foto.art.br\/site\/wp-content\/uploads\/2023\/10\/episcopio01_26685863882_o.jpg\"  title=\"episcopio01_26685863882_o\"  data-width=\"802\"  data-height=\"790\" ><\/div><div class=\"rbs-img-data-popup\"  data-popup=\"https:\/\/foto.art.br\/site\/wp-content\/uploads\/2023\/10\/episcopio01_26685863882_o.jpg\"  title=\"episcopio01_26685863882_o\" ><\/div><div class=\"thumbnail-overlay\"><div class=\"rbsIcons\"><i class=\"fa fa-search-plus rbsZoomIcon \" ><\/i><\/div><\/div><\/div><\/div><div class=\"rbs-img  category328 \" ><div class=\"rbs-img-image   rbs-lightbox \" ><div class=\"rbs-img-thumbs\"  data-thumbnail=\"https:\/\/foto.art.br\/site\/wp-content\/uploads\/2023\/10\/episcopio02_26779707935_o.jpg\"  title=\"episcopio02_26779707935_o\"  data-width=\"598\"  data-height=\"900\" ><\/div><div class=\"rbs-img-data-popup\"  data-popup=\"https:\/\/foto.art.br\/site\/wp-content\/uploads\/2023\/10\/episcopio02_26779707935_o.jpg\"  title=\"episcopio02_26779707935_o\" ><\/div><div class=\"thumbnail-overlay\"><div class=\"rbsIcons\"><i class=\"fa fa-search-plus rbsZoomIcon \" ><\/i><\/div><\/div><\/div><\/div><div class=\"rbs-img  category328 \" ><div class=\"rbs-img-image   rbs-lightbox \" ><div class=\"rbs-img-thumbs\"  data-thumbnail=\"https:\/\/foto.art.br\/site\/wp-content\/uploads\/2023\/10\/episcopio03_26685865132_o.jpg\"  title=\"episcopio03_26685865132_o\"  data-width=\"1200\"  data-height=\"900\" ><\/div><div class=\"rbs-img-data-popup\"  data-popup=\"https:\/\/foto.art.br\/site\/wp-content\/uploads\/2023\/10\/episcopio03_26685865132_o.jpg\"  title=\"episcopio03_26685865132_o\" ><\/div><div class=\"thumbnail-overlay\"><div class=\"rbsIcons\"><i class=\"fa fa-search-plus rbsZoomIcon \" ><\/i><\/div><\/div><\/div><\/div><div class=\"rbs-img  category328 \" ><div class=\"rbs-img-image   rbs-lightbox \" ><div class=\"rbs-img-thumbs\"  data-thumbnail=\"https:\/\/foto.art.br\/site\/wp-content\/uploads\/2023\/10\/episcopio06_26779709595_o.jpg\"  title=\"episcopio06_26779709595_o\"  data-width=\"1200\"  data-height=\"900\" ><\/div><div class=\"rbs-img-data-popup\"  data-popup=\"https:\/\/foto.art.br\/site\/wp-content\/uploads\/2023\/10\/episcopio06_26779709595_o.jpg\"  title=\"episcopio06_26779709595_o\" ><\/div><div class=\"thumbnail-overlay\"><div class=\"rbsIcons\"><i class=\"fa fa-search-plus rbsZoomIcon \" ><\/i><\/div><\/div><\/div><\/div><div class=\"rbs-img  category328 \" ><div class=\"rbs-img-image   rbs-lightbox \" ><div class=\"rbs-img-thumbs\"  data-thumbnail=\"https:\/\/foto.art.br\/site\/wp-content\/uploads\/2023\/10\/episcopio08_26174166234_o.jpg\"  title=\"episcopio08_26174166234_o\"  data-width=\"900\"  data-height=\"1200\" ><\/div><div class=\"rbs-img-data-popup\"  data-popup=\"https:\/\/foto.art.br\/site\/wp-content\/uploads\/2023\/10\/episcopio08_26174166234_o.jpg\"  title=\"episcopio08_26174166234_o\" ><\/div><div class=\"thumbnail-overlay\"><div class=\"rbsIcons\"><i class=\"fa fa-search-plus rbsZoomIcon \" ><\/i><\/div><\/div><\/div><\/div><div class=\"rbs-img  category328 \" ><div class=\"rbs-img-image   rbs-lightbox \" ><div class=\"rbs-img-thumbs\"  data-thumbnail=\"https:\/\/foto.art.br\/site\/wp-content\/uploads\/2023\/10\/episcopio09_26779708555_o.jpg\"  title=\"episcopio09_26779708555_o\"  data-width=\"1200\"  data-height=\"900\" ><\/div><div class=\"rbs-img-data-popup\"  data-popup=\"https:\/\/foto.art.br\/site\/wp-content\/uploads\/2023\/10\/episcopio09_26779708555_o.jpg\"  title=\"episcopio09_26779708555_o\" ><\/div><div class=\"thumbnail-overlay\"><div class=\"rbsIcons\"><i class=\"fa fa-search-plus rbsZoomIcon \" ><\/i><\/div><\/div><\/div><\/div><\/div><\/div><\/div><script>var rbs_gallery_69ef45a11365d = {\"version\":\"5.1.4\",\"id\":328,\"class\":\"id328\",\"roboGalleryDelay\":1000,\"mainContainer\":\"#robo_gallery_main_block_rbs_gallery_69ef45a11365d\",\"loadingContainer\":\"#rbs_gallery_69ef45a11365d-block-loader\",\"loadingContainerObj\":\"rbs_gallery_69ef45a11365d-block-loader\",\"columnWidth\":\"auto\",\"columns\":3,\"resolutions\":[{\"columnWidth\":\"auto\",\"columns\":3,\"maxWidth\":960},{\"columnWidth\":\"auto\",\"columns\":2,\"maxWidth\":650},{\"columnWidth\":\"auto\",\"columns\":1,\"maxWidth\":450}],\"lightboxOptions\":{\"gallery\":{\"enabled\":true,\"tCounter\":\"%curr% of %total%\"}},\"overlayEffect\":\"direction-aware-fade\",\"boxesToLoadStart\":12,\"boxesToLoad\":8,\"waitUntilThumbLoads\":1,\"LoadingWord\":\"Loading...\",\"loadMoreWord\":\"Load More\",\"noMoreEntriesWord\":\"No More Entries\",\"horizontalSpaceBetweenBoxes\":15,\"verticalSpaceBetweenBoxes\":15,\"lazyLoad\":1,\"wrapContainer\":\"#robo-gallery-wrap-rbs_gallery_69ef45a11365d\"};<\/script>\n\n\n<p>a c\u00e2mera abaixo foi construida com uma lente destas<\/p>\n\n\n\n<figure class=\"wp-block-embed is-type-wp-embed is-provider-foto-art-br wp-block-embed-foto-art-br\"><div class=\"wp-block-embed__wrapper\">\nhttps:\/\/foto.art.br\/site\/gallery\/camera-artesanal-ccmq\/\n<\/div><\/figure>\n\n\n\n<p>Retroprojetores ou projetores de transpar\u00eancias s\u00e3o encontrados com facilidade, por vezes encostados, indo para descarte, em escolas, etc. Se compra barato tamb\u00e9m em lojas de m\u00f3veis usados. A lente tem boa cobertura e luminosidade, o fresnel pode ser usado como mesa de luz ou visualiza\u00e7\u00e3o e a coluna dentada para um dispositivo de foco,<\/p>\n\n\n<style type=\"text\/css\" scoped>.rbs_gallery_69ef45a11ac44Spinner{\r\n\t\t\t\tmargin: 50px auto;\r\n\t\t\t\twidth: 50px;\r\n\t\t\t\theight: 40px;\r\n\t\t\t\ttext-align: center;\r\n\t\t\t\tfont-size: 10px;\r\n\t\t\t}\r\n\t\t\t.rbs_gallery_69ef45a11ac44Spinner > div{\r\n\t\t\t  background-color: #333;\r\n\t\t\t  height: 100%;\r\n\t\t\t  width: 6px;\r\n\t\t\t  display: inline-block;\r\n\t\t\t  -webkit-animation: rbs_gallery_69ef45a11ac44-stretchdelay 1.2s infinite ease-in-out;\r\n\t\t\t  animation: rbs_gallery_69ef45a11ac44-stretchdelay 1.2s infinite ease-in-out;\r\n\t\t\t}\r\n\t\t\t.rbs_gallery_69ef45a11ac44Spinner .rbs_gallery_69ef45a11ac44Rect2 {\r\n\t\t\t  -webkit-animation-delay: -1.1s;\r\n\t\t\t  animation-delay: -1.1s;\r\n\t\t\t}\r\n\t\t\t.rbs_gallery_69ef45a11ac44Spinner .rbs_gallery_69ef45a11ac44Rect3 {\r\n\t\t\t  -webkit-animation-delay: -1.0s;\r\n\t\t\t  animation-delay: -1.0s;\r\n\t\t\t}\r\n\t\t\t.rbs_gallery_69ef45a11ac44Spinner .rbs_gallery_69ef45a11ac44Rect4 {\r\n\t\t\t  -webkit-animation-delay: -0.9s;\r\n\t\t\t  animation-delay: -0.9s;\r\n\t\t\t}\r\n\t\t\t.rbs_gallery_69ef45a11ac44Spinner .rbs_gallery_69ef45a11ac44Rect5 {\r\n\t\t\t  -webkit-animation-delay: -0.8s;\r\n\t\t\t  animation-delay: -0.8s;\r\n\t\t\t}\r\n\t\t\t@-webkit-keyframes rbs_gallery_69ef45a11ac44-stretchdelay {\r\n\t\t\t  0%, 40%, 100% { -webkit-transform: scaleY(0.4) }  \r\n\t\t\t  20% { -webkit-transform: scaleY(1.0) }\r\n\t\t\t}\r\n\t\t\t@keyframes rbs_gallery_69ef45a11ac44-stretchdelay {\r\n\t\t\t  0%, 40%, 100% { \r\n\t\t\t    transform: scaleY(0.4);\r\n\t\t\t    -webkit-transform: scaleY(0.4);\r\n\t\t\t  }  20% { \r\n\t\t\t    transform: scaleY(1.0);\r\n\t\t\t    -webkit-transform: scaleY(1.0);\r\n\t\t\t  }\r\n\t\t\t}\r\n\t\t<\/style><div class=\"robo-gallery-wrap robo-gallery-wrap-id354 robo-gallery-grid\" ><div id=\"rbs_gallery_69ef45a11ac44-block-loader\" class=\"rbs_gallery_69ef45a11ac44Spinner\"><div class=\"rbs_gallery_69ef45a11ac44Rect1\"><\/div> <div class=\"rbs_gallery_69ef45a11ac44Rect2\"><\/div> <div class=\"rbs_gallery_69ef45a11ac44Rect3\"><\/div> <div class=\"rbs_gallery_69ef45a11ac44Rect4\"><\/div> <div class=\"rbs_gallery_69ef45a11ac44Rect5\"><\/div><\/div><div id=\"robo_gallery_main_block_rbs_gallery_69ef45a11ac44\" class=\"robogallery-gallery-354\" style=\"width:100%;  display: none;\"><div id=\"rbs_gallery_69ef45a11ac44\" data-options=\"rbs_gallery_69ef45a11ac44\" style=\"width:100%;\" class=\"robo_gallery  \"><div class=\"rbs-img  category354 \" ><div class=\"rbs-img-image   rbs-lightbox \" ><div class=\"rbs-img-thumbs\"  data-thumbnail=\"https:\/\/foto.art.br\/site\/wp-content\/uploads\/2023\/10\/IMG_3169.jpg\"  title=\"IMG_3169\"  data-width=\"425\"  data-height=\"283\" ><\/div><div class=\"rbs-img-data-popup\"  data-popup=\"https:\/\/foto.art.br\/site\/wp-content\/uploads\/2023\/10\/IMG_3169.jpg\"  title=\"\" ><\/div><div class=\"thumbnail-overlay\"><div class=\"rbsIcons\"><i class=\"fa fa-search-plus rbsZoomIcon \" ><\/i><\/div><\/div><\/div><\/div><div class=\"rbs-img  category354 \" ><div class=\"rbs-img-image   rbs-lightbox \" ><div class=\"rbs-img-thumbs\"  data-thumbnail=\"https:\/\/foto.art.br\/site\/wp-content\/uploads\/2023\/10\/IMG_3171.jpg\"  title=\"IMG_3171\"  data-width=\"283\"  data-height=\"425\" ><\/div><div class=\"rbs-img-data-popup\"  data-popup=\"https:\/\/foto.art.br\/site\/wp-content\/uploads\/2023\/10\/IMG_3171.jpg\"  title=\"\" ><\/div><div class=\"thumbnail-overlay\"><div class=\"rbsIcons\"><i class=\"fa fa-search-plus rbsZoomIcon \" ><\/i><\/div><\/div><\/div><\/div><div class=\"rbs-img  category354 \" ><div class=\"rbs-img-image   rbs-lightbox \" ><div class=\"rbs-img-thumbs\"  data-thumbnail=\"https:\/\/foto.art.br\/site\/wp-content\/uploads\/2023\/10\/IMG_3172.jpg\"  title=\"IMG_3172\"  data-width=\"425\"  data-height=\"317\" ><\/div><div class=\"rbs-img-data-popup\"  data-popup=\"https:\/\/foto.art.br\/site\/wp-content\/uploads\/2023\/10\/IMG_3172.jpg\"  title=\"\" ><\/div><div class=\"thumbnail-overlay\"><div class=\"rbsIcons\"><i class=\"fa fa-search-plus rbsZoomIcon \" ><\/i><\/div><\/div><\/div><\/div><\/div><\/div><\/div><script>var rbs_gallery_69ef45a11ac44 = {\"version\":\"5.1.4\",\"id\":354,\"class\":\"id354\",\"roboGalleryDelay\":1000,\"mainContainer\":\"#robo_gallery_main_block_rbs_gallery_69ef45a11ac44\",\"loadingContainer\":\"#rbs_gallery_69ef45a11ac44-block-loader\",\"loadingContainerObj\":\"rbs_gallery_69ef45a11ac44-block-loader\",\"columnWidth\":\"auto\",\"columns\":3,\"resolutions\":[{\"columnWidth\":\"auto\",\"columns\":3,\"maxWidth\":960},{\"columnWidth\":\"auto\",\"columns\":2,\"maxWidth\":650},{\"columnWidth\":\"auto\",\"columns\":1,\"maxWidth\":450}],\"lightboxOptions\":{\"gallery\":{\"enabled\":true,\"tCounter\":\"%curr% of %total%\"}},\"overlayEffect\":\"direction-aware-fade\",\"boxesToLoadStart\":12,\"boxesToLoad\":8,\"waitUntilThumbLoads\":1,\"LoadingWord\":\"Loading...\",\"loadMoreWord\":\"Load More\",\"noMoreEntriesWord\":\"No More Entries\",\"horizontalSpaceBetweenBoxes\":15,\"verticalSpaceBetweenBoxes\":15,\"lazyLoad\":1,\"wrapContainer\":\"#robo-gallery-wrap-rbs_gallery_69ef45a11ac44\"};<\/script>\n\n\n<p>lente fuji de uma copiadora xerox, boa cobertura (A4) e boa luminosidade, s\u00f3 n\u00e3o tem diafragma.<\/p>\n\n\n\n<figure class=\"wp-block-image size-full\"><img loading=\"lazy\" decoding=\"async\" width=\"800\" height=\"600\" src=\"https:\/\/foto.art.br\/site\/wp-content\/uploads\/2023\/10\/4965254165_b52b83480d_b.jpg\" alt=\"\" class=\"wp-image-343\" srcset=\"https:\/\/foto.art.br\/site\/wp-content\/uploads\/2023\/10\/4965254165_b52b83480d_b.jpg 800w, https:\/\/foto.art.br\/site\/wp-content\/uploads\/2023\/10\/4965254165_b52b83480d_b-300x225.jpg 300w, https:\/\/foto.art.br\/site\/wp-content\/uploads\/2023\/10\/4965254165_b52b83480d_b-768x576.jpg 768w\" sizes=\"auto, (max-width: 800px) 100vw, 800px\" \/><\/figure>\n\n\n\n<p>lentes gr\u00e1ficas ou de ampliadores s\u00e3o boa op\u00e7\u00e3o, tem uma boa cobertura, tem diafragma. Apenas as lentes gr\u00e1ficas costuma ser mais escuras, abertura m\u00e1xima f9. Nestas lentes alguns modelos como a G-Claron da Sheneider tem rosca padr\u00e3o e podem ser acopladas a obturadores #0 ou #1<\/p>\n\n\n\n<p>Lentes de ampliador o recomend\u00e1vel \u00e9 que tenham mais de 100 mm de dist\u00e2ncia focal (nas fotos abaixo algumas lentes s\u00e3o mais curtas)<\/p>\n\n\n<style type=\"text\/css\" scoped>.rbs_gallery_69ef45a11d618Spinner{\r\n\t\t\t\tmargin: 50px auto;\r\n\t\t\t\twidth: 50px;\r\n\t\t\t\theight: 40px;\r\n\t\t\t\ttext-align: center;\r\n\t\t\t\tfont-size: 10px;\r\n\t\t\t}\r\n\t\t\t.rbs_gallery_69ef45a11d618Spinner > div{\r\n\t\t\t  background-color: #333;\r\n\t\t\t  height: 100%;\r\n\t\t\t  width: 6px;\r\n\t\t\t  display: inline-block;\r\n\t\t\t  -webkit-animation: rbs_gallery_69ef45a11d618-stretchdelay 1.2s infinite ease-in-out;\r\n\t\t\t  animation: rbs_gallery_69ef45a11d618-stretchdelay 1.2s infinite ease-in-out;\r\n\t\t\t}\r\n\t\t\t.rbs_gallery_69ef45a11d618Spinner .rbs_gallery_69ef45a11d618Rect2 {\r\n\t\t\t  -webkit-animation-delay: -1.1s;\r\n\t\t\t  animation-delay: -1.1s;\r\n\t\t\t}\r\n\t\t\t.rbs_gallery_69ef45a11d618Spinner .rbs_gallery_69ef45a11d618Rect3 {\r\n\t\t\t  -webkit-animation-delay: -1.0s;\r\n\t\t\t  animation-delay: -1.0s;\r\n\t\t\t}\r\n\t\t\t.rbs_gallery_69ef45a11d618Spinner .rbs_gallery_69ef45a11d618Rect4 {\r\n\t\t\t  -webkit-animation-delay: -0.9s;\r\n\t\t\t  animation-delay: -0.9s;\r\n\t\t\t}\r\n\t\t\t.rbs_gallery_69ef45a11d618Spinner .rbs_gallery_69ef45a11d618Rect5 {\r\n\t\t\t  -webkit-animation-delay: -0.8s;\r\n\t\t\t  animation-delay: -0.8s;\r\n\t\t\t}\r\n\t\t\t@-webkit-keyframes rbs_gallery_69ef45a11d618-stretchdelay {\r\n\t\t\t  0%, 40%, 100% { -webkit-transform: scaleY(0.4) }  \r\n\t\t\t  20% { -webkit-transform: scaleY(1.0) }\r\n\t\t\t}\r\n\t\t\t@keyframes rbs_gallery_69ef45a11d618-stretchdelay {\r\n\t\t\t  0%, 40%, 100% { \r\n\t\t\t    transform: scaleY(0.4);\r\n\t\t\t    -webkit-transform: scaleY(0.4);\r\n\t\t\t  }  20% { \r\n\t\t\t    transform: scaleY(1.0);\r\n\t\t\t    -webkit-transform: scaleY(1.0);\r\n\t\t\t  }\r\n\t\t\t}\r\n\t\t<\/style><div class=\"robo-gallery-wrap robo-gallery-wrap-id363 robo-gallery-grid\" ><div id=\"rbs_gallery_69ef45a11d618-block-loader\" class=\"rbs_gallery_69ef45a11d618Spinner\"><div class=\"rbs_gallery_69ef45a11d618Rect1\"><\/div> <div class=\"rbs_gallery_69ef45a11d618Rect2\"><\/div> <div class=\"rbs_gallery_69ef45a11d618Rect3\"><\/div> <div class=\"rbs_gallery_69ef45a11d618Rect4\"><\/div> <div class=\"rbs_gallery_69ef45a11d618Rect5\"><\/div><\/div><div id=\"robo_gallery_main_block_rbs_gallery_69ef45a11d618\" class=\"robogallery-gallery-363\" style=\"width:100%;  display: none;\"><div id=\"rbs_gallery_69ef45a11d618\" data-options=\"rbs_gallery_69ef45a11d618\" style=\"width:100%;\" class=\"robo_gallery  \"><div class=\"rbs-img  category363 \" ><div class=\"rbs-img-image   rbs-lightbox \" ><div class=\"rbs-img-thumbs\"  data-thumbnail=\"https:\/\/foto.art.br\/site\/wp-content\/uploads\/2023\/10\/IMG_2259.jpg\"  title=\"IMG_2259\"  data-width=\"1200\"  data-height=\"900\" ><\/div><div class=\"rbs-img-data-popup\"  data-popup=\"https:\/\/foto.art.br\/site\/wp-content\/uploads\/2023\/10\/IMG_2259.jpg\"  title=\"IMG_2259\" ><\/div><div class=\"thumbnail-overlay\"><div class=\"rbsIcons\"><i class=\"fa fa-search-plus rbsZoomIcon \" ><\/i><\/div><\/div><\/div><\/div><div class=\"rbs-img  category363 \" ><div class=\"rbs-img-image   rbs-lightbox \" ><div class=\"rbs-img-thumbs\"  data-thumbnail=\"https:\/\/foto.art.br\/site\/wp-content\/uploads\/2023\/10\/claron-scaled.jpg\"  title=\"claron\"  data-width=\"2560\"  data-height=\"1842\" ><\/div><div class=\"rbs-img-data-popup\"  data-popup=\"https:\/\/foto.art.br\/site\/wp-content\/uploads\/2023\/10\/claron-scaled.jpg\"  title=\"claron\" ><\/div><div class=\"thumbnail-overlay\"><div class=\"rbsIcons\"><i class=\"fa fa-search-plus rbsZoomIcon \" ><\/i><\/div><\/div><\/div><\/div><div class=\"rbs-img  category363 \" ><div class=\"rbs-img-image   rbs-lightbox \" ><div class=\"rbs-img-thumbs\"  data-thumbnail=\"https:\/\/foto.art.br\/site\/wp-content\/uploads\/2023\/10\/claronbh.jpg\"  title=\"claronbh\"  data-width=\"796\"  data-height=\"539\" ><\/div><div class=\"rbs-img-data-popup\"  data-popup=\"https:\/\/foto.art.br\/site\/wp-content\/uploads\/2023\/10\/claronbh.jpg\"  title=\"claronbh\" ><\/div><div class=\"thumbnail-overlay\"><div class=\"rbsIcons\"><i class=\"fa fa-search-plus rbsZoomIcon \" ><\/i><\/div><\/div><\/div><\/div><\/div><\/div><\/div><script>var rbs_gallery_69ef45a11d618 = {\"version\":\"5.1.4\",\"id\":363,\"class\":\"id363\",\"roboGalleryDelay\":1000,\"mainContainer\":\"#robo_gallery_main_block_rbs_gallery_69ef45a11d618\",\"loadingContainer\":\"#rbs_gallery_69ef45a11d618-block-loader\",\"loadingContainerObj\":\"rbs_gallery_69ef45a11d618-block-loader\",\"columnWidth\":\"auto\",\"columns\":3,\"resolutions\":[{\"columnWidth\":\"auto\",\"columns\":3,\"maxWidth\":960},{\"columnWidth\":\"auto\",\"columns\":2,\"maxWidth\":650},{\"columnWidth\":\"auto\",\"columns\":1,\"maxWidth\":450}],\"lightboxOptions\":{\"gallery\":{\"enabled\":true,\"tCounter\":\"%curr% of %total%\"}},\"overlayEffect\":\"direction-aware-fade\",\"boxesToLoadStart\":12,\"boxesToLoad\":8,\"waitUntilThumbLoads\":1,\"LoadingWord\":\"Loading...\",\"loadMoreWord\":\"Load More\",\"noMoreEntriesWord\":\"No More Entries\",\"horizontalSpaceBetweenBoxes\":15,\"verticalSpaceBetweenBoxes\":15,\"lazyLoad\":1,\"wrapContainer\":\"#robo-gallery-wrap-rbs_gallery_69ef45a11d618\"};<\/script>","protected":false},"excerpt":{"rendered":"<p>Podemos usar lentes de diversos dispositivos \u00f3ticos, projetores episc\u00f3pios, projetores de trasnpar\u00eancia ou retroprojetor, lendes de copiadoras (xerox, canon, fuji),lentes gr\u00e1ficas, de m\u00e1quinas de fotolito, lentes de ampliadores fotogr\u00e1ficos. etc. No geral estas lentes n\u00e3o possuem obturador, e algumas nem diafragma (as de projetores e copiadoras). O importante \u00e9 a escolha da dist\u00e2ncia focal, recomendo [&hellip;]<\/p>\n","protected":false},"author":1,"featured_media":0,"parent":0,"menu_order":0,"comment_status":"closed","ping_status":"closed","template":"","meta":{"footnotes":""},"class_list":["post-336","page","type-page","status-publish","hentry"],"blocksy_meta":[],"_links":{"self":[{"href":"https:\/\/foto.art.br\/site\/wp-json\/wp\/v2\/pages\/336","targetHints":{"allow":["GET"]}}],"collection":[{"href":"https:\/\/foto.art.br\/site\/wp-json\/wp\/v2\/pages"}],"about":[{"href":"https:\/\/foto.art.br\/site\/wp-json\/wp\/v2\/types\/page"}],"author":[{"embeddable":true,"href":"https:\/\/foto.art.br\/site\/wp-json\/wp\/v2\/users\/1"}],"replies":[{"embeddable":true,"href":"https:\/\/foto.art.br\/site\/wp-json\/wp\/v2\/comments?post=336"}],"version-history":[{"count":0,"href":"https:\/\/foto.art.br\/site\/wp-json\/wp\/v2\/pages\/336\/revisions"}],"wp:attachment":[{"href":"https:\/\/foto.art.br\/site\/wp-json\/wp\/v2\/media?parent=336"}],"curies":[{"name":"wp","href":"https:\/\/api.w.org\/{rel}","templated":true}]}}