{"id":434,"date":"2023-12-20T05:00:20","date_gmt":"2023-12-20T08:00:20","guid":{"rendered":"https:\/\/foto.art.br\/site\/?page_id=434"},"modified":"2024-04-14T16:29:12","modified_gmt":"2024-04-14T19:29:12","slug":"mesa-de-luz-uv","status":"publish","type":"page","link":"https:\/\/foto.art.br\/site\/mesa-de-luz-uv\/","title":{"rendered":"mesa de luz uv"},"content":{"rendered":"<style type=\"text\/css\" scoped>.rbs_gallery_69ef44ed3e6ddSpinner{\r\n\t\t\t\tmargin: 50px auto;\r\n\t\t\t\twidth: 50px;\r\n\t\t\t\theight: 40px;\r\n\t\t\t\ttext-align: center;\r\n\t\t\t\tfont-size: 10px;\r\n\t\t\t}\r\n\t\t\t.rbs_gallery_69ef44ed3e6ddSpinner > div{\r\n\t\t\t  background-color: #333;\r\n\t\t\t  height: 100%;\r\n\t\t\t  width: 6px;\r\n\t\t\t  display: inline-block;\r\n\t\t\t  -webkit-animation: rbs_gallery_69ef44ed3e6dd-stretchdelay 1.2s infinite ease-in-out;\r\n\t\t\t  animation: rbs_gallery_69ef44ed3e6dd-stretchdelay 1.2s infinite ease-in-out;\r\n\t\t\t}\r\n\t\t\t.rbs_gallery_69ef44ed3e6ddSpinner .rbs_gallery_69ef44ed3e6ddRect2 {\r\n\t\t\t  -webkit-animation-delay: -1.1s;\r\n\t\t\t  animation-delay: -1.1s;\r\n\t\t\t}\r\n\t\t\t.rbs_gallery_69ef44ed3e6ddSpinner .rbs_gallery_69ef44ed3e6ddRect3 {\r\n\t\t\t  -webkit-animation-delay: -1.0s;\r\n\t\t\t  animation-delay: -1.0s;\r\n\t\t\t}\r\n\t\t\t.rbs_gallery_69ef44ed3e6ddSpinner .rbs_gallery_69ef44ed3e6ddRect4 {\r\n\t\t\t  -webkit-animation-delay: -0.9s;\r\n\t\t\t  animation-delay: -0.9s;\r\n\t\t\t}\r\n\t\t\t.rbs_gallery_69ef44ed3e6ddSpinner .rbs_gallery_69ef44ed3e6ddRect5 {\r\n\t\t\t  -webkit-animation-delay: -0.8s;\r\n\t\t\t  animation-delay: -0.8s;\r\n\t\t\t}\r\n\t\t\t@-webkit-keyframes rbs_gallery_69ef44ed3e6dd-stretchdelay {\r\n\t\t\t  0%, 40%, 100% { -webkit-transform: scaleY(0.4) }  \r\n\t\t\t  20% { -webkit-transform: scaleY(1.0) }\r\n\t\t\t}\r\n\t\t\t@keyframes rbs_gallery_69ef44ed3e6dd-stretchdelay {\r\n\t\t\t  0%, 40%, 100% { \r\n\t\t\t    transform: scaleY(0.4);\r\n\t\t\t    -webkit-transform: scaleY(0.4);\r\n\t\t\t  }  20% { \r\n\t\t\t    transform: scaleY(1.0);\r\n\t\t\t    -webkit-transform: scaleY(1.0);\r\n\t\t\t  }\r\n\t\t\t}\r\n\t\t<\/style><div class=\"robo-gallery-wrap robo-gallery-wrap-id433 robo-gallery-grid\" ><div id=\"rbs_gallery_69ef44ed3e6dd-block-loader\" class=\"rbs_gallery_69ef44ed3e6ddSpinner\"><div class=\"rbs_gallery_69ef44ed3e6ddRect1\"><\/div> <div class=\"rbs_gallery_69ef44ed3e6ddRect2\"><\/div> <div class=\"rbs_gallery_69ef44ed3e6ddRect3\"><\/div> <div class=\"rbs_gallery_69ef44ed3e6ddRect4\"><\/div> <div class=\"rbs_gallery_69ef44ed3e6ddRect5\"><\/div><\/div><div id=\"robo_gallery_main_block_rbs_gallery_69ef44ed3e6dd\" class=\"robogallery-gallery-433\" style=\"width:100%;  display: none;\"><div id=\"rbs_gallery_69ef44ed3e6dd\" data-options=\"rbs_gallery_69ef44ed3e6dd\" style=\"width:100%;\" class=\"robo_gallery  \"><div class=\"rbs-img  category433 \" ><div class=\"rbs-img-image   rbs-lightbox \" ><div class=\"rbs-img-thumbs\"  data-thumbnail=\"https:\/\/foto.art.br\/site\/wp-content\/uploads\/2023\/12\/uva01-300x135.jpg\"  title=\"uva01\"  data-width=\"300\"  data-height=\"135\" ><\/div><div class=\"rbs-img-data-popup\"  data-popup=\"https:\/\/foto.art.br\/site\/wp-content\/uploads\/2023\/12\/uva01.jpg\"  title=\"uva01\" ><\/div><div class=\"thumbnail-overlay\"><div class=\"rbsTitle \">uva01<\/div><div class=\"rbsIcons\"><i class=\"fa fa-search-plus rbsZoomIcon \" ><\/i><\/div><\/div><\/div><\/div><div class=\"rbs-img  category433 \" ><div class=\"rbs-img-image   rbs-lightbox \" ><div class=\"rbs-img-thumbs\"  data-thumbnail=\"https:\/\/foto.art.br\/site\/wp-content\/uploads\/2023\/12\/uva02-300x134.jpg\"  title=\"uva02\"  data-width=\"300\"  data-height=\"134\" ><\/div><div class=\"rbs-img-data-popup\"  data-popup=\"https:\/\/foto.art.br\/site\/wp-content\/uploads\/2023\/12\/uva02.jpg\"  title=\"uva02\" ><\/div><div class=\"thumbnail-overlay\"><div class=\"rbsTitle \">uva02<\/div><div class=\"rbsIcons\"><i class=\"fa fa-search-plus rbsZoomIcon \" ><\/i><\/div><\/div><\/div><\/div><div class=\"rbs-img  category433 \" ><div class=\"rbs-img-image   rbs-lightbox \" ><div class=\"rbs-img-thumbs\"  data-thumbnail=\"https:\/\/foto.art.br\/site\/wp-content\/uploads\/2023\/12\/uva03-300x169.jpg\"  title=\"uva03\"  data-width=\"300\"  data-height=\"169\" ><\/div><div class=\"rbs-img-data-popup\"  data-popup=\"https:\/\/foto.art.br\/site\/wp-content\/uploads\/2023\/12\/uva03-scaled.jpg\"  title=\"uva03\" ><\/div><div class=\"thumbnail-overlay\"><div class=\"rbsTitle \">uva03<\/div><div class=\"rbsIcons\"><i class=\"fa fa-search-plus rbsZoomIcon \" ><\/i><\/div><\/div><\/div><\/div><div class=\"rbs-img  category433 \" ><div class=\"rbs-img-image   rbs-lightbox \" ><div class=\"rbs-img-thumbs\"  data-thumbnail=\"https:\/\/foto.art.br\/site\/wp-content\/uploads\/2023\/12\/uva04-300x225.jpg\"  title=\"uva04\"  data-width=\"300\"  data-height=\"225\" ><\/div><div class=\"rbs-img-data-popup\"  data-popup=\"https:\/\/foto.art.br\/site\/wp-content\/uploads\/2023\/12\/uva04.jpg\"  title=\"uva04\" ><\/div><div class=\"thumbnail-overlay\"><div class=\"rbsTitle \">uva04<\/div><div class=\"rbsIcons\"><i class=\"fa fa-search-plus rbsZoomIcon \" ><\/i><\/div><\/div><\/div><\/div><div class=\"rbs-img  category433 \" ><div class=\"rbs-img-image   rbs-lightbox \" ><div class=\"rbs-img-thumbs\"  data-thumbnail=\"https:\/\/foto.art.br\/site\/wp-content\/uploads\/2023\/12\/uva05-300x169.jpg\"  title=\"uva05\"  data-width=\"300\"  data-height=\"169\" ><\/div><div class=\"rbs-img-data-popup\"  data-popup=\"https:\/\/foto.art.br\/site\/wp-content\/uploads\/2023\/12\/uva05-scaled.jpg\"  title=\"uva05\" ><\/div><div class=\"thumbnail-overlay\"><div class=\"rbsTitle \">uva05<\/div><div class=\"rbsIcons\"><i class=\"fa fa-search-plus rbsZoomIcon \" ><\/i><\/div><\/div><\/div><\/div><div class=\"rbs-img  category433 \" ><div class=\"rbs-img-image   rbs-lightbox \" ><div class=\"rbs-img-thumbs\"  data-thumbnail=\"https:\/\/foto.art.br\/site\/wp-content\/uploads\/2023\/12\/uva06-300x169.jpg\"  title=\"uva06\"  data-width=\"300\"  data-height=\"169\" ><\/div><div class=\"rbs-img-data-popup\"  data-popup=\"https:\/\/foto.art.br\/site\/wp-content\/uploads\/2023\/12\/uva06-scaled.jpg\"  title=\"uva06\" ><\/div><div class=\"thumbnail-overlay\"><div class=\"rbsTitle \">uva06<\/div><div class=\"rbsIcons\"><i class=\"fa fa-search-plus rbsZoomIcon \" ><\/i><\/div><\/div><\/div><\/div><div class=\"rbs-img  category433 \" ><div class=\"rbs-img-image   rbs-lightbox \" ><div class=\"rbs-img-thumbs\"  data-thumbnail=\"https:\/\/foto.art.br\/site\/wp-content\/uploads\/2023\/12\/uva07-300x169.jpg\"  title=\"uva07\"  data-width=\"300\"  data-height=\"169\" ><\/div><div class=\"rbs-img-data-popup\"  data-popup=\"https:\/\/foto.art.br\/site\/wp-content\/uploads\/2023\/12\/uva07-scaled.jpg\"  title=\"uva07\" ><\/div><div class=\"thumbnail-overlay\"><div class=\"rbsTitle \">uva07<\/div><div class=\"rbsIcons\"><i class=\"fa fa-search-plus rbsZoomIcon \" ><\/i><\/div><\/div><\/div><\/div><div class=\"rbs-img  category433 \" ><div class=\"rbs-img-image   rbs-lightbox \" ><div class=\"rbs-img-thumbs\"  data-thumbnail=\"https:\/\/foto.art.br\/site\/wp-content\/uploads\/2023\/12\/uva08-300x169.jpg\"  title=\"uva08\"  data-width=\"300\"  data-height=\"169\" ><\/div><div class=\"rbs-img-data-popup\"  data-popup=\"https:\/\/foto.art.br\/site\/wp-content\/uploads\/2023\/12\/uva08-scaled.jpg\"  title=\"uva08\" ><\/div><div class=\"thumbnail-overlay\"><div class=\"rbsTitle \">uva08<\/div><div class=\"rbsIcons\"><i class=\"fa fa-search-plus rbsZoomIcon \" ><\/i><\/div><\/div><\/div><\/div><\/div><\/div><\/div><script>var rbs_gallery_69ef44ed3e6dd = {\"version\":\"5.1.4\",\"id\":433,\"class\":\"id433\",\"roboGalleryDelay\":1000,\"mainContainer\":\"#robo_gallery_main_block_rbs_gallery_69ef44ed3e6dd\",\"loadingContainer\":\"#rbs_gallery_69ef44ed3e6dd-block-loader\",\"loadingContainerObj\":\"rbs_gallery_69ef44ed3e6dd-block-loader\",\"columnWidth\":\"auto\",\"columns\":3,\"resolutions\":[{\"columnWidth\":\"auto\",\"columns\":3,\"maxWidth\":960},{\"columnWidth\":\"auto\",\"columns\":2,\"maxWidth\":650},{\"columnWidth\":\"auto\",\"columns\":1,\"maxWidth\":450}],\"lightboxOptions\":{\"gallery\":{\"enabled\":true,\"tCounter\":\"%curr% of %total%\"}},\"overlayEffect\":\"direction-aware-fade\",\"boxesToLoadStart\":12,\"boxesToLoad\":8,\"waitUntilThumbLoads\":1,\"LoadingWord\":\"Loading...\",\"loadMoreWord\":\"Load More\",\"noMoreEntriesWord\":\"No More Entries\",\"horizontalSpaceBetweenBoxes\":15,\"verticalSpaceBetweenBoxes\":15,\"lazyLoad\":1,\"wrapContainer\":\"#robo-gallery-wrap-rbs_gallery_69ef44ed3e6dd\"};<\/script>\n\n\n<p>O sistema mais eficiente com com custo ainda \u00e9 o uso de l\u00e2mpadas fluorescentes UV tipo A 365nm.<\/p>\n\n\n\n<p>S\u00e3o as UV brancas, usadas na cura de resinas, ca\u00e7a moscas, sem o filtro viloeta, muito usadas nas armadilhas de insetos (elas n\u00e3o matam, atraem, e estes caem na armadilha el\u00e9trica ou adesiva). J\u00e1 ouvi em loja o termo vulgar luz negra branca ?!. S\u00e3o encointradas em lojas especializadas em l\u00e2mpadas com pre\u00e7os tamanhos variados conforme a proced\u00eancia.<\/p>\n\n\n\n<p>Na mesa acima foi usada l\u00e2mapda de 30w 90cm, mas tem tamb\u00e9m 60w 60cm e 40w 1,20m.<\/p>\n\n\n\n<p>costumo comprar pela internet deste fornecedor de Curitiba, chegam muito bem embaladas e protegidas, \u00e9 seguro.<\/p>\n\n\n\n<p><a href=\"https:\/\/bravoluz.com.br\/shop\/uv-ir-radiometro\/u.v.-bl-caca-mosca\" target=\"_blank\" rel=\"noreferrer noopener\">https:\/\/bravoluz.com.br\/shop\/uv-ir-radiometro\/u.v.-bl-caca-mosca<\/a><\/p>\n\n\n\n<p>Os reatores fica mais economico comprar duplos, cada uma tende a duas l\u00e2mpadas, fica mais barato. Estes \u00e9 melhor pesquisar nos marketplaces como o ml, como as fluorescentes est\u00e3o sendo suibstituidas pelos led encontras-se restos de estoque com pre\u00e7o bom.<\/p>\n\n\n\n<p>Um ponto importante a considerar \u00e9 a dist\u00e2ncia entre as l\u00e2mpadas na hora da montagem, quanto mais distancia vai ter que ser usada a maior altura do material sensivel para n\u00e3o marcar a mancha de luz. O n\u00famero de l\u00e2mpadas vai variar conforme a escolha do tamanho da l\u00e2mpada e do papel que se quer imprimir. Nas fotos acima foram usadas 12 l\u00e2mpadas com intervalo aproximado do tamanho da l\u00e2mpada, que usado a 10cm d\u00e1 uma efici\u00eancia que quase alcan\u00e7a a do sol, num fotograma sem vidros menos de 10 minutos, e em fotograma com vidro 10 minutos. Negativos digitais um pouco mais, filme de rx complica por causa da densidade da base, vai para 20 minutos.<\/p>\n\n\n<style type=\"text\/css\" scoped>.rbs_gallery_69ef44ed47a00Spinner{\r\n\t\t\t\tmargin: 50px auto;\r\n\t\t\t\twidth: 50px;\r\n\t\t\t\theight: 40px;\r\n\t\t\t\ttext-align: center;\r\n\t\t\t\tfont-size: 10px;\r\n\t\t\t}\r\n\t\t\t.rbs_gallery_69ef44ed47a00Spinner > div{\r\n\t\t\t  background-color: #333;\r\n\t\t\t  height: 100%;\r\n\t\t\t  width: 6px;\r\n\t\t\t  display: inline-block;\r\n\t\t\t  -webkit-animation: rbs_gallery_69ef44ed47a00-stretchdelay 1.2s infinite ease-in-out;\r\n\t\t\t  animation: rbs_gallery_69ef44ed47a00-stretchdelay 1.2s infinite ease-in-out;\r\n\t\t\t}\r\n\t\t\t.rbs_gallery_69ef44ed47a00Spinner .rbs_gallery_69ef44ed47a00Rect2 {\r\n\t\t\t  -webkit-animation-delay: -1.1s;\r\n\t\t\t  animation-delay: -1.1s;\r\n\t\t\t}\r\n\t\t\t.rbs_gallery_69ef44ed47a00Spinner .rbs_gallery_69ef44ed47a00Rect3 {\r\n\t\t\t  -webkit-animation-delay: -1.0s;\r\n\t\t\t  animation-delay: -1.0s;\r\n\t\t\t}\r\n\t\t\t.rbs_gallery_69ef44ed47a00Spinner .rbs_gallery_69ef44ed47a00Rect4 {\r\n\t\t\t  -webkit-animation-delay: -0.9s;\r\n\t\t\t  animation-delay: -0.9s;\r\n\t\t\t}\r\n\t\t\t.rbs_gallery_69ef44ed47a00Spinner .rbs_gallery_69ef44ed47a00Rect5 {\r\n\t\t\t  -webkit-animation-delay: -0.8s;\r\n\t\t\t  animation-delay: -0.8s;\r\n\t\t\t}\r\n\t\t\t@-webkit-keyframes rbs_gallery_69ef44ed47a00-stretchdelay {\r\n\t\t\t  0%, 40%, 100% { -webkit-transform: scaleY(0.4) }  \r\n\t\t\t  20% { -webkit-transform: scaleY(1.0) }\r\n\t\t\t}\r\n\t\t\t@keyframes rbs_gallery_69ef44ed47a00-stretchdelay {\r\n\t\t\t  0%, 40%, 100% { \r\n\t\t\t    transform: scaleY(0.4);\r\n\t\t\t    -webkit-transform: scaleY(0.4);\r\n\t\t\t  }  20% { \r\n\t\t\t    transform: scaleY(1.0);\r\n\t\t\t    -webkit-transform: scaleY(1.0);\r\n\t\t\t  }\r\n\t\t\t}\r\n\t\t<\/style><div class=\"robo-gallery-wrap robo-gallery-wrap-id848 robo-gallery-grid\" ><div id=\"rbs_gallery_69ef44ed47a00-block-loader\" class=\"rbs_gallery_69ef44ed47a00Spinner\"><div class=\"rbs_gallery_69ef44ed47a00Rect1\"><\/div> <div class=\"rbs_gallery_69ef44ed47a00Rect2\"><\/div> <div class=\"rbs_gallery_69ef44ed47a00Rect3\"><\/div> <div class=\"rbs_gallery_69ef44ed47a00Rect4\"><\/div> <div class=\"rbs_gallery_69ef44ed47a00Rect5\"><\/div><\/div><div id=\"robo_gallery_main_block_rbs_gallery_69ef44ed47a00\" class=\"robogallery-gallery-848\" style=\"width:100%;  display: none;\"><div id=\"rbs_gallery_69ef44ed47a00\" data-options=\"rbs_gallery_69ef44ed47a00\" style=\"width:100%;\" class=\"robo_gallery  \"><div class=\"rbs-img  category848 \" ><div class=\"rbs-img-image   rbs-lightbox \" ><div class=\"rbs-img-thumbs\"  data-thumbnail=\"https:\/\/foto.art.br\/site\/wp-content\/uploads\/2024\/04\/mesa-UV-A-UFSC01-300x225.jpg\"  title=\"mesa-UV-A-UFSC01\"  data-width=\"300\"  data-height=\"225\" ><\/div><div class=\"rbs-img-data-popup\"  data-popup=\"https:\/\/foto.art.br\/site\/wp-content\/uploads\/2024\/04\/mesa-UV-A-UFSC01-scaled.jpg\"  title=\"mesa-UV-A-UFSC01\" ><\/div><div class=\"thumbnail-overlay\"><div class=\"rbsTitle \">mesa-UV-A-UFSC01<\/div><div class=\"rbsIcons\"><i class=\"fa fa-search-plus rbsZoomIcon \" ><\/i><\/div><\/div><\/div><\/div><div class=\"rbs-img  category848 \" ><div class=\"rbs-img-image   rbs-lightbox \" ><div class=\"rbs-img-thumbs\"  data-thumbnail=\"https:\/\/foto.art.br\/site\/wp-content\/uploads\/2024\/04\/mesa-UV-A-UFSC02-225x300.jpg\"  title=\"mesa-UV-A-UFSC02\"  data-width=\"225\"  data-height=\"300\" ><\/div><div class=\"rbs-img-data-popup\"  data-popup=\"https:\/\/foto.art.br\/site\/wp-content\/uploads\/2024\/04\/mesa-UV-A-UFSC02-scaled.jpg\"  title=\"mesa-UV-A-UFSC02\" ><\/div><div class=\"thumbnail-overlay\"><div class=\"rbsTitle \">mesa-UV-A-UFSC02<\/div><div class=\"rbsIcons\"><i class=\"fa fa-search-plus rbsZoomIcon \" ><\/i><\/div><\/div><\/div><\/div><div class=\"rbs-img  category848 \" ><div class=\"rbs-img-image   rbs-lightbox \" ><div class=\"rbs-img-thumbs\"  data-thumbnail=\"https:\/\/foto.art.br\/site\/wp-content\/uploads\/2024\/04\/mesa-UV-A-UFSC03-300x225.jpg\"  title=\"mesa-UV-A-UFSC03\"  data-width=\"300\"  data-height=\"225\" ><\/div><div class=\"rbs-img-data-popup\"  data-popup=\"https:\/\/foto.art.br\/site\/wp-content\/uploads\/2024\/04\/mesa-UV-A-UFSC03-scaled.jpg\"  title=\"mesa-UV-A-UFSC03\" ><\/div><div class=\"thumbnail-overlay\"><div class=\"rbsTitle \">mesa-UV-A-UFSC03<\/div><div class=\"rbsIcons\"><i class=\"fa fa-search-plus rbsZoomIcon \" ><\/i><\/div><\/div><\/div><\/div><div class=\"rbs-img  category848 \" ><div class=\"rbs-img-image   rbs-lightbox \" ><div class=\"rbs-img-thumbs\"  data-thumbnail=\"https:\/\/foto.art.br\/site\/wp-content\/uploads\/2024\/04\/mesa-UV-A-UFSC04-300x225.jpg\"  title=\"Pedro, J\u00falia e prof Rodrigo Garcez\"  data-width=\"300\"  data-height=\"225\" ><\/div><div class=\"rbs-img-data-popup\"  data-popup=\"https:\/\/foto.art.br\/site\/wp-content\/uploads\/2024\/04\/mesa-UV-A-UFSC04-scaled.jpg\"  title=\"Pedro, J\u00falia e prof Rodrigo Garcez\"  data-alt=\"Pedro, J\u00falia e prof Rodrigo Garcez\" ><\/div><div class=\"thumbnail-overlay\"><div class=\"rbsTitle \">Pedro, J\u00falia e prof Rodrigo Garcez<\/div><div class=\"rbsIcons\"><i class=\"fa fa-search-plus rbsZoomIcon \" ><\/i><\/div><\/div><\/div><\/div><div class=\"rbs-img  category848 \" ><div class=\"rbs-img-image   rbs-lightbox \" ><div class=\"rbs-img-thumbs\"  data-thumbnail=\"https:\/\/foto.art.br\/site\/wp-content\/uploads\/2024\/04\/mesa-UV-A-UFSC05-300x150.jpg\"  title=\"mesa-UV-A-UFSC05\"  data-width=\"300\"  data-height=\"150\" ><\/div><div class=\"rbs-img-data-popup\"  data-popup=\"https:\/\/foto.art.br\/site\/wp-content\/uploads\/2024\/04\/mesa-UV-A-UFSC05-scaled.jpg\"  title=\"mesa-UV-A-UFSC05\" ><\/div><div class=\"thumbnail-overlay\"><div class=\"rbsTitle \">mesa-UV-A-UFSC05<\/div><div class=\"rbsIcons\"><i class=\"fa fa-search-plus rbsZoomIcon \" ><\/i><\/div><\/div><\/div><\/div><div class=\"rbs-img  category848 \" ><div class=\"rbs-img-image   rbs-lightbox \" ><div class=\"rbs-img-thumbs\"  data-thumbnail=\"https:\/\/foto.art.br\/site\/wp-content\/uploads\/2024\/04\/mesa-UV-A-UFSC06-300x150.jpg\"  title=\"mesa-UV-A-UFSC06\"  data-width=\"300\"  data-height=\"150\" ><\/div><div class=\"rbs-img-data-popup\"  data-popup=\"https:\/\/foto.art.br\/site\/wp-content\/uploads\/2024\/04\/mesa-UV-A-UFSC06-scaled.jpg\"  title=\"mesa-UV-A-UFSC06\" ><\/div><div class=\"thumbnail-overlay\"><div class=\"rbsTitle \">mesa-UV-A-UFSC06<\/div><div class=\"rbsIcons\"><i class=\"fa fa-search-plus rbsZoomIcon \" ><\/i><\/div><\/div><\/div><\/div><\/div><\/div><\/div><script>var rbs_gallery_69ef44ed47a00 = {\"version\":\"5.1.4\",\"id\":848,\"class\":\"id848\",\"roboGalleryDelay\":1000,\"mainContainer\":\"#robo_gallery_main_block_rbs_gallery_69ef44ed47a00\",\"loadingContainer\":\"#rbs_gallery_69ef44ed47a00-block-loader\",\"loadingContainerObj\":\"rbs_gallery_69ef44ed47a00-block-loader\",\"columnWidth\":\"auto\",\"columns\":3,\"resolutions\":[{\"columnWidth\":\"auto\",\"columns\":3,\"maxWidth\":960},{\"columnWidth\":\"auto\",\"columns\":2,\"maxWidth\":650},{\"columnWidth\":\"auto\",\"columns\":1,\"maxWidth\":450}],\"lightboxOptions\":{\"gallery\":{\"enabled\":true,\"tCounter\":\"%curr% of %total%\"}},\"overlayEffect\":\"direction-aware-fade\",\"boxesToLoadStart\":12,\"boxesToLoad\":8,\"waitUntilThumbLoads\":1,\"LoadingWord\":\"Loading...\",\"loadMoreWord\":\"Load More\",\"noMoreEntriesWord\":\"No More Entries\",\"horizontalSpaceBetweenBoxes\":15,\"verticalSpaceBetweenBoxes\":15,\"lazyLoad\":1,\"wrapContainer\":\"#robo-gallery-wrap-rbs_gallery_69ef44ed47a00\"};<\/script><div>Mesa de luz da UFSC<\/div>\n\n\n<p>Lembrando que o vidro deve ser fino, 3mm funciona bem, plois quanto mais grosso absorve mais uv. <\/p>\n\n\n\n<p>Sobre o uso de leds, as fitas esixtentes no mercado, a mais popular a 5050 testei e desisti, mesmo de perto muito fracas, indo logo para temps acima de meia hora, 40 minutos, exitesm alguns superled uv, mas a outra op\u00e7\u00e3o s\u00e3o os refletores uv vindos da china, 50, 100 e 200w. Nunca vi um mas, oferecidos em diversas frequencias, mesmo com imposto d\u00e1 para considerar sua compra para quem trabalha bastante, na \u00faltima estimativa que fiz o pre\u00e7o fica em torno de 3 a 4 vezes da fluorescente.<\/p>\n\n\n\n<figure data-wp-context=\"{&quot;imageId&quot;:&quot;69ef44ed4b8b4&quot;}\" data-wp-interactive=\"core\/image\" data-wp-key=\"69ef44ed4b8b4\" class=\"wp-block-image size-large wp-lightbox-container\"><img loading=\"lazy\" decoding=\"async\" width=\"1024\" height=\"646\" data-wp-class--hide=\"state.isContentHidden\" data-wp-class--show=\"state.isContentVisible\" data-wp-init=\"callbacks.setButtonStyles\" data-wp-on--click=\"actions.showLightbox\" data-wp-on--load=\"callbacks.setButtonStyles\" data-wp-on-window--resize=\"callbacks.setButtonStyles\" src=\"https:\/\/foto.art.br\/site\/wp-content\/uploads\/2024\/01\/leduv-1024x646.jpg\" alt=\"\" class=\"wp-image-554\" srcset=\"https:\/\/foto.art.br\/site\/wp-content\/uploads\/2024\/01\/leduv-1024x646.jpg 1024w, https:\/\/foto.art.br\/site\/wp-content\/uploads\/2024\/01\/leduv-300x189.jpg 300w, https:\/\/foto.art.br\/site\/wp-content\/uploads\/2024\/01\/leduv-768x484.jpg 768w, https:\/\/foto.art.br\/site\/wp-content\/uploads\/2024\/01\/leduv-1200x757.jpg 1200w, https:\/\/foto.art.br\/site\/wp-content\/uploads\/2024\/01\/leduv.jpg 1300w\" sizes=\"auto, (max-width: 1024px) 100vw, 1024px\" \/><button\n\t\t\tclass=\"lightbox-trigger\"\n\t\t\ttype=\"button\"\n\t\t\taria-haspopup=\"dialog\"\n\t\t\taria-label=\"Ampliar\"\n\t\t\tdata-wp-init=\"callbacks.initTriggerButton\"\n\t\t\tdata-wp-on--click=\"actions.showLightbox\"\n\t\t\tdata-wp-style--right=\"state.imageButtonRight\"\n\t\t\tdata-wp-style--top=\"state.imageButtonTop\"\n\t\t>\n\t\t\t<svg xmlns=\"http:\/\/www.w3.org\/2000\/svg\" width=\"12\" height=\"12\" fill=\"none\" viewBox=\"0 0 12 12\">\n\t\t\t\t<path fill=\"#fff\" d=\"M2 0a2 2 0 0 0-2 2v2h1.5V2a.5.5 0 0 1 .5-.5h2V0H2Zm2 10.5H2a.5.5 0 0 1-.5-.5V8H0v2a2 2 0 0 0 2 2h2v-1.5ZM8 12v-1.5h2a.5.5 0 0 0 .5-.5V8H12v2a2 2 0 0 1-2 2H8Zm2-12a2 2 0 0 1 2 2v2h-1.5V2a.5.5 0 0 0-.5-.5H8V0h2Z\" \/>\n\t\t\t<\/svg>\n\t\t<\/button><\/figure>\n","protected":false},"excerpt":{"rendered":"<p>O sistema mais eficiente com com custo ainda \u00e9 o uso de l\u00e2mpadas fluorescentes UV tipo A 365nm. S\u00e3o as UV brancas, usadas na cura de resinas, ca\u00e7a moscas, sem o filtro viloeta, muito usadas nas armadilhas de insetos (elas n\u00e3o matam, atraem, e estes caem na armadilha el\u00e9trica ou adesiva). J\u00e1 ouvi em loja [&hellip;]<\/p>\n","protected":false},"author":1,"featured_media":0,"parent":0,"menu_order":0,"comment_status":"closed","ping_status":"closed","template":"","meta":{"footnotes":""},"class_list":["post-434","page","type-page","status-publish","hentry"],"blocksy_meta":[],"_links":{"self":[{"href":"https:\/\/foto.art.br\/site\/wp-json\/wp\/v2\/pages\/434","targetHints":{"allow":["GET"]}}],"collection":[{"href":"https:\/\/foto.art.br\/site\/wp-json\/wp\/v2\/pages"}],"about":[{"href":"https:\/\/foto.art.br\/site\/wp-json\/wp\/v2\/types\/page"}],"author":[{"embeddable":true,"href":"https:\/\/foto.art.br\/site\/wp-json\/wp\/v2\/users\/1"}],"replies":[{"embeddable":true,"href":"https:\/\/foto.art.br\/site\/wp-json\/wp\/v2\/comments?post=434"}],"version-history":[{"count":0,"href":"https:\/\/foto.art.br\/site\/wp-json\/wp\/v2\/pages\/434\/revisions"}],"wp:attachment":[{"href":"https:\/\/foto.art.br\/site\/wp-json\/wp\/v2\/media?parent=434"}],"curies":[{"name":"wp","href":"https:\/\/api.w.org\/{rel}","templated":true}]}}