{"id":456,"date":"2023-12-20T05:37:16","date_gmt":"2023-12-20T08:37:16","guid":{"rendered":"https:\/\/foto.art.br\/site\/?page_id=456"},"modified":"2024-11-24T14:28:23","modified_gmt":"2024-11-24T17:28:23","slug":"aplicativos-fotometro-etc","status":"publish","type":"page","link":"https:\/\/foto.art.br\/site\/aplicativos-fotometro-etc\/","title":{"rendered":"apps, ultilit\u00e1rios, fotometro"},"content":{"rendered":"\n<p><strong>fotometro<\/strong><\/p>\n\n\n\n<p>Os aplicativos de fotometro s\u00e3o uma boa alternativa e uncionam razoavelmente bem, uma vesz testados e eventualmente ajustados.<br>Explicando, um celular \u00e9 um telefone com c\u00e2mera, n\u00e3o \u00e9 um instrumento feito para medir luz. \u00cales usam a c\u00e2mera para medir a luz.<br>As c\u00e2meras dos smartphones sanalizam a cena, a luz refletida dos assuntos fotografados, e cada vez mais, os algoritimos de an\u00e1lise de cena identificam c\u00e9u, rostos, interpretam e adotam uma interpreta\u00e7\u00e3o, ou seja, s\u00e3o inteligentes. Nos celuares de \u00faltima gera\u00e7\u00e3o, topo de linha o uso de IA pode atrapalhar a leitura, em alguns casos!<br>Um outro cuidado a tomar \u00e9 com o \u00e2ngulo de cobertura da lente do celular, grande angular, pega uma cena muito aberta, ent\u00e3o temos que ficar atentos na hora da leitura, alguns aplicativos oferecem uma leitura &#8220;spot&#8221;, um c\u00edrculo fechado de leitura, mas que nem sempre funcionam bem! <br>Um fotometro de luz refletida \u00e9 burro, mede a luz sem interpretar, quem tem experiencia em fotografia \u00e9 ue interpreta a cena e faz as corre\u00e7\u00f5es, ou usa o difusor para a leitura de luz incidente, que mede a luz que chega ao assunto fotografado.<br>Para os celulares a leitura \u00e9 sempre refletida (salvo alguns acess\u00f3rios caros vendidos). \u00c9 poss\u00edvel improvisar um difusor, at\u00e9 com um copo de cafezinho.<\/p>\n\n\n\n<figure class=\"wp-block-image size-large is-resized\"><img loading=\"lazy\" decoding=\"async\" width=\"1024\" height=\"768\" src=\"https:\/\/foto.art.br\/site\/wp-content\/uploads\/2024\/10\/difusor-1024x768.jpg\" alt=\"\" class=\"wp-image-1027\" style=\"width:796px;height:auto\" srcset=\"https:\/\/foto.art.br\/site\/wp-content\/uploads\/2024\/10\/difusor-1024x768.jpg 1024w, https:\/\/foto.art.br\/site\/wp-content\/uploads\/2024\/10\/difusor-300x225.jpg 300w, https:\/\/foto.art.br\/site\/wp-content\/uploads\/2024\/10\/difusor-768x576.jpg 768w, https:\/\/foto.art.br\/site\/wp-content\/uploads\/2024\/10\/difusor.jpg 1440w\" sizes=\"auto, (max-width: 1024px) 100vw, 1024px\" \/><figcaption class=\"wp-element-caption\">difusor improvisado (imagem da internet)<\/figcaption><\/figure>\n\n\n\n<p> <br>Podemos usar um cart\u00e3o cinza para efetuar a leitura, principalmente se tivermos dificuldades durante as leituras, um EVA cinza colado em um cart\u00e3o funciona bem.<br>O importante \u00e9 testar, depois dos ajustes, caso neces\u00e1rio (alguns dentro do app, quando n\u00e3o oferecem, alterando o ISO), a leitura sempre ser\u00e1 repetida<\/p>\n\n\n\n<p><\/p>\n\n\n\n<p>Melhor fotometro, vers\u00f5es free e paga com propagandas, permite inser\u00e7\u00e3o de valores padronizados de abertura (f\/ 512) por exemplo. Mede temperatura de cor &#8211; kelvin.<br><a href=\"https:\/\/play.google.com\/store\/apps\/details?id=com.willblaschko.android.lightmeterv2.free\" target=\"_blank\" rel=\"noreferrer noopener\">Light Meter-Lite-WBPhoto<\/a> vers\u00e3o gr\u00e1tis,apenas Android com propagandas. (tem que ficar atento no uso, \u00e0s vezes trava a exposi\u00e7\u00e3o quando tenta exibir uma propaganda)<br><a href=\"https:\/\/www.lightmeter.dev\" target=\"_blank\" rel=\"noreferrer noopener\">https:\/\/www.lightmeter.dev<\/a>  site do fabricante, link pasa vers\u00f5es pagas Android e Iphone<\/p>\n\n\n\n<p>Outro fotometro muito bom<\/p>\n\n\n\n<p><a href=\"https:\/\/play.google.com\/store\/apps\/details?id=com.dq.fotometroNa\" target=\"_blank\" rel=\"noreferrer noopener\">https:\/\/play.google.com\/store\/apps\/details?id=com.dq.fotometroNa<\/a><\/p>\n\n\n\n<p>App fotometro simples gratuito para Iphone:<br><a href=\"https:\/\/apps.apple.com\/br\/app\/lightmate\/id791590935?mt=8\" target=\"_blank\" rel=\"noreferrer noopener\">https:\/\/apps.apple.com\/br\/app\/lightmate\/id791590935?mt=8<\/a><br><a href=\"https:\/\/lightmate.app\" target=\"_blank\" rel=\"noreferrer noopener\">https:\/\/lightmate.app<\/a><\/p>\n\n\n\n<p>outro gratuito<\/p>\n\n\n\n<p><a href=\"https:\/\/apps.apple.com\/us\/app\/photo-light-exposure-meter\/id1297903210?mt=8\" target=\"_blank\" rel=\"noreferrer noopener\">https:\/\/apps.apple.com\/us\/app\/photo-light-exposure-meter\/id1297903210?mt=8<\/a><\/p>\n\n\n\n<p>Fotometro para pinhole gratuito para Iphone<br><a href=\"https:\/\/apps.apple.com\/us\/app\/pinholemeter\/id501893760\" target=\"_blank\" rel=\"noreferrer noopener\">https:\/\/apps.apple.com\/us\/app\/pinholemeter\/id501893760<\/a><\/p>\n\n\n\n<p><strong>C\u00e1lculo de profundidade de campo (foco)<\/strong><br><a href=\"http:\/\/www.dofmaster.com]\" target=\"_blank\" rel=\"noreferrer noopener\">www.dofmaster.com<\/a><\/p>\n\n\n\n<p><strong>Darkroom Processing Timer App for Film Development<\/strong><br><a href=\"http:\/\/www.dofmaster.com\" target=\"_blank\" rel=\"noreferrer noopener\">www.digitaltruth.com\/apps\/mdc<\/a><\/p>\n\n\n\n<p><strong>PictoScanner <\/strong><br>(no geral \u00e9 fotografar e editar, mas o app pode judar)<br><a href=\"http:\/\/pictoscanner.com\" target=\"_blank\" rel=\"noreferrer noopener\">http:\/\/pictoscanner.com<\/a><\/p>\n\n\n\n<p><strong>App c\u00e2mera <\/strong><\/p>\n\n\n\n<p>Open Camera &#8211; para Android, gratuito permite muitas regulagens de c\u00e2mera, muito bom<br><a href=\"https:\/\/play.google.com\/store\/apps\/details?id=net.sourceforge.opencamera&amp;hl=en_US\" target=\"_blank\" rel=\"noreferrer noopener\">https:\/\/play.google.com\/store\/apps\/details?id=net.sourceforge.opencamera&amp;hl<\/a><\/p>\n\n\n\n<p><\/p>\n","protected":false},"excerpt":{"rendered":"<p>fotometro Os aplicativos de fotometro s\u00e3o uma boa alternativa e uncionam razoavelmente bem, uma vesz testados e eventualmente ajustados.Explicando, um celular \u00e9 um telefone com c\u00e2mera, n\u00e3o \u00e9 um instrumento feito para medir luz. \u00cales usam a c\u00e2mera para medir a luz.As c\u00e2meras dos smartphones sanalizam a cena, a luz refletida dos assuntos fotografados, e [&hellip;]<\/p>\n","protected":false},"author":1,"featured_media":0,"parent":0,"menu_order":0,"comment_status":"closed","ping_status":"closed","template":"","meta":{"footnotes":""},"class_list":["post-456","page","type-page","status-publish","hentry"],"blocksy_meta":[],"_links":{"self":[{"href":"https:\/\/foto.art.br\/site\/wp-json\/wp\/v2\/pages\/456","targetHints":{"allow":["GET"]}}],"collection":[{"href":"https:\/\/foto.art.br\/site\/wp-json\/wp\/v2\/pages"}],"about":[{"href":"https:\/\/foto.art.br\/site\/wp-json\/wp\/v2\/types\/page"}],"author":[{"embeddable":true,"href":"https:\/\/foto.art.br\/site\/wp-json\/wp\/v2\/users\/1"}],"replies":[{"embeddable":true,"href":"https:\/\/foto.art.br\/site\/wp-json\/wp\/v2\/comments?post=456"}],"version-history":[{"count":0,"href":"https:\/\/foto.art.br\/site\/wp-json\/wp\/v2\/pages\/456\/revisions"}],"wp:attachment":[{"href":"https:\/\/foto.art.br\/site\/wp-json\/wp\/v2\/media?parent=456"}],"curies":[{"name":"wp","href":"https:\/\/api.w.org\/{rel}","templated":true}]}}